{"id":1172,"date":"2023-11-23T13:30:56","date_gmt":"2023-11-23T13:30:56","guid":{"rendered":"https:\/\/eureciclo.pt\/?page_id=1172"},"modified":"2023-11-23T13:30:56","modified_gmt":"2023-11-23T13:30:56","slug":"atividade-2-upcycling-politica-dos-3rs","status":"publish","type":"page","link":"https:\/\/eureciclo.pt\/en\/atividade-2-upcycling-politica-dos-3rs\/","title":{"rendered":"ACTIVITY 2 - Upcycling: 3R's Policy"},"content":{"rendered":"<div class=\"wp-block-columns start-normal-block is-layout-flex wp-container-2 wp-block-columns-is-layout-flex\">\n<div class=\"wp-block-column is-layout-flow wp-block-column-is-layout-flow\">\n<h1 class=\"wp-block-heading has-primary-color has-text-color\">ACTIVITY 2 - Upcycling: 3R's Policy<\/h1>\n\n\n\n<h3 class=\"wp-block-heading\">OBJECTIVES<\/h3>\n\n\n\n<ul>\n<li>Work on the 3R's Policy in a creative way;<\/li>\n\n\n\n<li>Encourage the reuse of materials in schools;<\/li>\n\n\n\n<li>Identify the importance of each R<\/li>\n<\/ul>\n\n\n\n<h3 class=\"wp-block-heading\">WHO CAN PARTICIPATE<\/h3>\n\n\n\n<p>This challenge is intended for Eco-Schools network schools of all levels of education, with two categories considered:<\/p>\n\n\n\n<p class=\"translation-block\"><strong>Category 1<\/strong>: Kindergartens and 1st-cycle schools<br><strong>Category 2<\/strong>: Schools with 2nd and 3rd cycles<\/p>\n\n\n\n<h3 class=\"wp-block-heading\">WORK DESCRIPTION<\/h3>\n\n\n\n<p>Construction of one of the \"3R's,\" using the reuse of materials with creativity and originality, explaining the importance of the chosen \"R.\"<\/p>\n\n\n\n<h3 class=\"wp-block-heading\">REQUESTED INFORMATION FOR CONTEST<\/h3>\n\n\n\n<p>Participation in this contest is realized by uploading, on the Eco-Schools platform, the photographs of the work carried out and the requested information.<\/p>\n\n\n\n<p>An upload of a set of four representative photographs of the work, accompanied by their respective captions, should be made. In addition to the photographs, the following information will be requested:<\/p>\n\n\n\n<ul>\n<li>Students Name and Age;<\/li>\n\n\n\n<li>Description of the materials used in the construction of the project;<\/li>\n\n\n\n<li>Information about the importance of the chosen \"R\";<\/li>\n\n\n\n<li>Descriptive Memory where information related to the construction process of the project should be included (materials used, methodology employed, and student involvement). This should also be linked to the circular economy, meaning an explanation of how the chosen \"R\" contributes to the circular economy.<\/li>\n<\/ul>\n\n\n\n<h3 class=\"wp-block-heading\">DEADLINES<\/h3>\n\n\n\n<p>Registration until February 28; submission of works until May 31.<\/p>\n\n\n\n<h3 class=\"wp-block-heading\">EVALUATION CRITERIA<\/h3>\n\n\n\n<p>The evaluation criteria for the works in the competition will be:<\/p>\n\n\n\n<ul>\n<li>Creativity and originality;<\/li>\n\n\n\n<li>Student involvement;<\/li>\n\n\n\n<li>Demonstration of the ability to reuse resources;<\/li>\n\n\n\n<li>Compliance with the rules of this regulation.<\/li>\n<\/ul>\n\n\n\n<h3 class=\"wp-block-heading\">JURY<\/h3>\n\n\n\n<p>The jury will be composed of members from ABAAE, ERP Portugal, and DGEstE.<\/p>\n\n\n\n<h3 class=\"wp-block-heading\">PRIZES<\/h3>\n\n\n\n<ul>\n<li>School - gift check in the amount of \u20ac100<\/li>\n\n\n\n<li>Student - gift voucher worth \u20ac20 per student (up to a maximum of 30 students).<\/li>\n\n\n\n<li>Teacher - gift check in the amount of \u20ac25<\/li>\n<\/ul>\n<\/div>\n<\/div>\n\n\n\n<div style=\"height:71px\" aria-hidden=\"true\" class=\"wp-block-spacer\"><\/div>\n\n\n\n<style>\n.wp-block-post-title{ display: none; }\n<\/style>","protected":false},"excerpt":{"rendered":"<p>ATIVIDADE 2 \u2013 Upcycling: Pol\u00edtica dos 3R\u00b4S OBJETIVOS QUEM PODE PARTICIPAR Este desafio destina-se \u00e0s escolas da rede Eco-Escolas de todos os graus de ensino, sendo considerados dois escal\u00f5es: Escal\u00e3o 1: jardins de inf\u00e2ncia e escolas de 1\u00ba cicloEscal\u00e3o 2:&nbsp;escolas com 2\u00ba e 3\u00ba ciclos DESCRI\u00c7\u00c3O DO TRABALHO Constru\u00e7\u00e3o de um dos \u201c3R\u00b4S\u201d, usando a [&hellip;]<\/p>","protected":false},"author":1,"featured_media":0,"parent":0,"menu_order":0,"comment_status":"closed","ping_status":"closed","template":"","meta":{"footnotes":""},"_links":{"self":[{"href":"https:\/\/eureciclo.pt\/en\/wp-json\/wp\/v2\/pages\/1172"}],"collection":[{"href":"https:\/\/eureciclo.pt\/en\/wp-json\/wp\/v2\/pages"}],"about":[{"href":"https:\/\/eureciclo.pt\/en\/wp-json\/wp\/v2\/types\/page"}],"author":[{"embeddable":true,"href":"https:\/\/eureciclo.pt\/en\/wp-json\/wp\/v2\/users\/1"}],"replies":[{"embeddable":true,"href":"https:\/\/eureciclo.pt\/en\/wp-json\/wp\/v2\/comments?post=1172"}],"version-history":[{"count":1,"href":"https:\/\/eureciclo.pt\/en\/wp-json\/wp\/v2\/pages\/1172\/revisions"}],"predecessor-version":[{"id":1173,"href":"https:\/\/eureciclo.pt\/en\/wp-json\/wp\/v2\/pages\/1172\/revisions\/1173"}],"wp:attachment":[{"href":"https:\/\/eureciclo.pt\/en\/wp-json\/wp\/v2\/media?parent=1172"}],"curies":[{"name":"wp","href":"https:\/\/api.w.org\/{rel}","templated":true}]}}