{"id":1174,"date":"2023-11-23T13:32:15","date_gmt":"2023-11-23T13:32:15","guid":{"rendered":"https:\/\/eureciclo.pt\/?page_id=1174"},"modified":"2023-11-23T13:32:15","modified_gmt":"2023-11-23T13:32:15","slug":"atividade-3-campanha-reee-faz-do-velho-novo","status":"publish","type":"page","link":"https:\/\/eureciclo.pt\/en\/atividade-3-campanha-reee-faz-do-velho-novo\/","title":{"rendered":"ACTIVITY 3 - WEEE Campaign \"Make the Old New\""},"content":{"rendered":"<div class=\"wp-block-columns start-normal-block is-layout-flex wp-container-2 wp-block-columns-is-layout-flex\">\n<div class=\"wp-block-column is-layout-flow wp-block-column-is-layout-flow\">\n<h1 class=\"wp-block-heading has-primary-color has-text-color\">ACTIVITY 3 - WEEE Campaign \"Make the Old New\"<\/h1>\n\n\n\n<p>We challenge schools to carry out a video campaign on the importance of collecting batteries and WEEE. The work should be done in digital format.<\/p>\n\n\n\n<h3 class=\"wp-block-heading\">OBJECTIVES<\/h3>\n\n\n\n<ul>\n<li>Raise awareness of the importance of collecting and correctly placing these wastes in the Waste Collection Bin;<\/li>\n\n\n\n<li>Work on the topic of the Circular Economy.<\/li>\n<\/ul>\n\n\n\n<h3 class=\"wp-block-heading\">WHO CAN PARTICIPATE<\/h3>\n\n\n\n<p class=\"translation-block\">This challenge is intended for Eco-Schools network schools in the following category:<br><strong>Category 3:<\/strong> Secondary, vocational, and higher education.<\/p>\n\n\n\n<h3 class=\"wp-block-heading\">WORK DESCRIPTION<\/h3>\n\n\n\n<p>Creation of a video campaign with a maximum duration of 1 minute on the importance of collecting batteries and WEEE and how we can contribute to the Circular Economy.<\/p>\n\n\n\n<h3 class=\"wp-block-heading\">REQUESTED INFORMATION FOR CONTEST<\/h3>\n\n\n\n<p>Participation in this competition is done by submitting the following information on the Eco-Schools platform:<\/p>\n\n\n\n<ul>\n<li>Name and age of students;<\/li>\n\n\n\n<li>Video title;<\/li>\n\n\n\n<li>Campaign script;<\/li>\n\n\n\n<li>A descriptive memory of how it was prepared;<\/li>\n\n\n\n<li>Link to the work, which should be previously published on a video platform. Example: Vimeo or YouTube.<\/li>\n<\/ul>\n\n\n\n<h3 class=\"wp-block-heading\">DEADLINES<\/h3>\n\n\n\n<p>Registration until February 28; submission of works until May 31.<\/p>\n\n\n\n<h3 class=\"wp-block-heading\">&nbsp;<\/h3>\n\n\n\n<h3 class=\"wp-block-heading\">EVALUATION CRITERIA<\/h3>\n\n\n\n<ul>\n<li>Creativity \/ Originality;<\/li>\n\n\n\n<li>Sound and Image quality;<\/li>\n\n\n\n<li>Message clarity;<\/li>\n\n\n\n<li>Relevance and Interest;<\/li>\n\n\n\n<li>Compliance with the regulations.<\/li>\n<\/ul>\n\n\n\n<h3 class=\"wp-block-heading\">&nbsp;<\/h3>\n\n\n\n<h3 class=\"wp-block-heading\">JURY<\/h3>\n\n\n\n<p>The jury will be composed of members from ABAAE, ERP Portugal, and DGEstE.<\/p>\n\n\n\n<h3 class=\"wp-block-heading\">PRIZES<\/h3>\n\n\n\n<ul>\n<li>School - gift check in the amount of \u20ac100<\/li>\n\n\n\n<li>Student - gift voucher worth \u20ac20 per student (up to a maximum of 30 students).<\/li>\n\n\n\n<li>Teacher - gift check in the amount of \u20ac25<\/li>\n<\/ul>\n<\/div>\n<\/div>\n\n\n\n<div style=\"height:71px\" aria-hidden=\"true\" class=\"wp-block-spacer\"><\/div>\n\n\n\n<style>\n.wp-block-post-title{ display: none; }\n<\/style>","protected":false},"excerpt":{"rendered":"<p>ATIVIDADE 3 \u2013 Campanha REEE \u201cFaz do Velho, Novo\u201d Desafiamos as escolas a realizar uma campanha de v\u00eddeo sobre a import\u00e2ncia da recolha de pilhas e REEE. O trabalho deve ser realizado em formato digital. OBJETIVOS QUEM PODE PARTICIPAR Este desafio destina-se \u00e0s escolas da rede Eco-Escolas para o seguinte escal\u00e3o:Escal\u00e3o 3:&nbsp;secund\u00e1rio, profissional e superior [&hellip;]<\/p>","protected":false},"author":1,"featured_media":0,"parent":0,"menu_order":0,"comment_status":"closed","ping_status":"closed","template":"","meta":{"footnotes":""},"_links":{"self":[{"href":"https:\/\/eureciclo.pt\/en\/wp-json\/wp\/v2\/pages\/1174"}],"collection":[{"href":"https:\/\/eureciclo.pt\/en\/wp-json\/wp\/v2\/pages"}],"about":[{"href":"https:\/\/eureciclo.pt\/en\/wp-json\/wp\/v2\/types\/page"}],"author":[{"embeddable":true,"href":"https:\/\/eureciclo.pt\/en\/wp-json\/wp\/v2\/users\/1"}],"replies":[{"embeddable":true,"href":"https:\/\/eureciclo.pt\/en\/wp-json\/wp\/v2\/comments?post=1174"}],"version-history":[{"count":1,"href":"https:\/\/eureciclo.pt\/en\/wp-json\/wp\/v2\/pages\/1174\/revisions"}],"predecessor-version":[{"id":1175,"href":"https:\/\/eureciclo.pt\/en\/wp-json\/wp\/v2\/pages\/1174\/revisions\/1175"}],"wp:attachment":[{"href":"https:\/\/eureciclo.pt\/en\/wp-json\/wp\/v2\/media?parent=1174"}],"curies":[{"name":"wp","href":"https:\/\/api.w.org\/{rel}","templated":true}]}}