{"id":272,"date":"2023-04-19T15:29:47","date_gmt":"2023-04-19T15:29:47","guid":{"rendered":"https:\/\/test.instant.circul8.eu\/?page_id=272"},"modified":"2025-03-20T12:27:11","modified_gmt":"2025-03-20T12:27:11","slug":"porque-reciclar","status":"publish","type":"page","link":"https:\/\/eureciclo.pt\/en\/porque-reciclar\/","title":{"rendered":"Why Recycle"},"content":{"rendered":"<div class=\"wp-block-columns start-normal-block is-layout-flex wp-container-3 wp-block-columns-is-layout-flex\">\n<div class=\"wp-block-column is-layout-flow wp-block-column-is-layout-flow\">\n<h1 class=\"wp-block-heading has-primary-color has-text-color\">Why Recycle<\/h1>\n\n\n\n<p>With the surge in rampant product consumption, their lifecycle is increasingly shorter, leading to a higher volume of waste that requires specific management, including Waste Electrical and Electronic Equipment (WEEE) and Battery Waste (BW).<\/p>\n\n\n\n<p class=\"has-black-color has-text-color\">Recycling is positive and beneficial for people, companies, and the environment. This mission is only possible if we all contribute actively by delivering our waste to the appropriate collection points and ensuring its decontamination, treatment, and recycling.<\/p>\n\n\n\n<p class=\"has-black-color has-text-color\">Upon collection, Waste Electrical and Electronic Equipment (WEEE) and Battery Waste (BW) are delivered to a reception center, where they are sorted according to their operational treatment category. The operational categories used to separate the collected waste include:<\/p>\n\n\n\n<ul>\n<li>Refrigerators and freezers<\/li>\n\n\n\n<li>Air conditioning equipment<\/li>\n\n\n\n<li>Other temperature regulation equipment<\/li>\n\n\n\n<li>CRT screens<\/li>\n\n\n\n<li>Flat screens<\/li>\n\n\n\n<li>Lamps (tube, energy-saving, gas discharge, etc.)<\/li>\n\n\n\n<li>LED lamps<\/li>\n\n\n\n<li>Large-sized equipment (&gt;50cm)<\/li>\n\n\n\n<li>Photovoltaic panels<\/li>\n\n\n\n<li>Small-sized equipment (\u226450cm)<\/li>\n\n\n\n<li>IT and telecommunications equipment<\/li>\n\n\n\n<li>Telem\u00f3veis<\/li>\n\n\n\n<li>Impressoras<\/li>\n\n\n\n<li>Printing consumables<\/li>\n<\/ul>\n<\/div>\n\n\n\n<div class=\"wp-block-column is-layout-flow wp-block-column-is-layout-flow\">\n<figure class=\"wp-block-image size-large is-style-default\"><img decoding=\"async\" loading=\"lazy\" width=\"895\" height=\"1024\" src=\"\/wp-content\/uploads\/2023\/04\/porque-895x1024.png\" alt=\"\" class=\"wp-image-280\" srcset=\"https:\/\/eureciclo.pt\/wp-content\/uploads\/2023\/04\/porque-895x1024.png 895w, https:\/\/eureciclo.pt\/wp-content\/uploads\/2023\/04\/porque-1342x1536.png 1342w, https:\/\/eureciclo.pt\/wp-content\/uploads\/2023\/04\/porque-262x300.png 262w, https:\/\/eureciclo.pt\/wp-content\/uploads\/2023\/04\/porque-768x879.png 768w, https:\/\/eureciclo.pt\/wp-content\/uploads\/2023\/04\/porque-10x12.png 10w, https:\/\/eureciclo.pt\/wp-content\/uploads\/2023\/04\/porque.png 1356w\" sizes=\"(max-width: 895px) 100vw, 895px\" \/><\/figure>\n<\/div>\n<\/div>\n\n\n\n<div class=\"wp-block-columns campaign-block is-layout-flex wp-container-5 wp-block-columns-is-layout-flex\">\n<div class=\"wp-block-column is-layout-flow wp-block-column-is-layout-flow\">\n<p>After being sorted into categories, these materials are transported to waste treatment facilities for decontamination, recycling, or valorization. The stage of obtaining raw materials (recycling) closes the loop and leads to the manufacturing of new products (material incorporation in the industry).<\/p>\n\n\n\n<p>The treatment of WEEE is very complex because these devices typically contain a wide variety of materials, such as different types of plastics, various metals, or glass. In addition to the material diversity, they also consist of hazardous substances that need to be removed and treated separately, including heavy metals also found in battery waste (mercury, lead, nickel, cadmium, and lithium).<\/p>\n\n\n\n<h3 class=\"wp-block-heading\">What happens to our end-of-life electrical and electronic equipment<\/h3>\n\n\n\n<figure class=\"wp-block-image size-large\"><img decoding=\"async\" loading=\"lazy\" width=\"1024\" height=\"483\" src=\"\/wp-content\/uploads\/2023\/07\/01INFOGRAFIAhorizontal8-scaled-1-2048x966-1-1024x483.jpg\" alt=\"\" class=\"wp-image-659\" srcset=\"https:\/\/eureciclo.pt\/wp-content\/uploads\/2023\/07\/01INFOGRAFIAhorizontal8-scaled-1-2048x966-1-1024x483.jpg 1024w, https:\/\/eureciclo.pt\/wp-content\/uploads\/2023\/07\/01INFOGRAFIAhorizontal8-scaled-1-2048x966-1-1536x725.jpg 1536w, https:\/\/eureciclo.pt\/wp-content\/uploads\/2023\/07\/01INFOGRAFIAhorizontal8-scaled-1-2048x966-1-18x8.jpg 18w, https:\/\/eureciclo.pt\/wp-content\/uploads\/2023\/07\/01INFOGRAFIAhorizontal8-scaled-1-2048x966-1-300x142.jpg 300w, https:\/\/eureciclo.pt\/wp-content\/uploads\/2023\/07\/01INFOGRAFIAhorizontal8-scaled-1-2048x966-1-768x362.jpg 768w, https:\/\/eureciclo.pt\/wp-content\/uploads\/2023\/07\/01INFOGRAFIAhorizontal8-scaled-1-2048x966-1.jpg 2048w\" sizes=\"(max-width: 1024px) 100vw, 1024px\" \/><\/figure>\n\n\n\n<h4 class=\"wp-block-heading\">Waste Electrical and Electronic Equipment (WEEE)<\/h4>\n\n\n\n<p>All equipment that requires an electrical current, a battery, or a power source to function and has reached the end of its life.<\/p>\n\n\n\n<h3 class=\"wp-block-heading\">What happens to our used batteries<\/h3>\n\n\n\n<figure class=\"wp-block-image size-large\"><img decoding=\"async\" loading=\"lazy\" width=\"1024\" height=\"461\" src=\"\/wp-content\/uploads\/2023\/07\/01INFOGRAFIAhorizontal_siteERP_01-scaled-1-1024x461.jpg\" alt=\"\" class=\"wp-image-658\" srcset=\"https:\/\/eureciclo.pt\/wp-content\/uploads\/2023\/07\/01INFOGRAFIAhorizontal_siteERP_01-scaled-1-1024x461.jpg 1024w, https:\/\/eureciclo.pt\/wp-content\/uploads\/2023\/07\/01INFOGRAFIAhorizontal_siteERP_01-scaled-1-1536x692.jpg 1536w, https:\/\/eureciclo.pt\/wp-content\/uploads\/2023\/07\/01INFOGRAFIAhorizontal_siteERP_01-scaled-1-2048x922.jpg 2048w, https:\/\/eureciclo.pt\/wp-content\/uploads\/2023\/07\/01INFOGRAFIAhorizontal_siteERP_01-scaled-1-18x8.jpg 18w, https:\/\/eureciclo.pt\/wp-content\/uploads\/2023\/07\/01INFOGRAFIAhorizontal_siteERP_01-scaled-1-300x135.jpg 300w, https:\/\/eureciclo.pt\/wp-content\/uploads\/2023\/07\/01INFOGRAFIAhorizontal_siteERP_01-scaled-1-768x346.jpg 768w\" sizes=\"(max-width: 1024px) 100vw, 1024px\" \/><\/figure>\n\n\n\n<h4 class=\"wp-block-heading\">Res\u00edduos de Baterias<\/h4>\n\n\n\n<p>Devices capable of storing energy to power electrical and electronic equipment.<\/p>\n<\/div>\n<\/div>\n\n\n\n<div style=\"height:71px\" aria-hidden=\"true\" class=\"wp-block-spacer\"><\/div>\n\n\n\n<style>\n.wp-block-post-title{ display: none; }\n<\/style>","protected":false},"excerpt":{"rendered":"<p>Porqu\u00ea reciclar? Com o aumento do consumo desenfreado de produtos, o seu ciclo de vida \u00e9 cada vez menor, aumentando o volume de res\u00edduos gerados e que carecem de encaminhamento espec\u00edfico, entre os quais os Res\u00edduos de Equipamentos El\u00e9tricos e Eletr\u00f3nicos (REEE) e Res\u00edduos de Baterias (RB). A reciclagem \u00e9 positiva e ben\u00e9fica para as [&hellip;]<\/p>","protected":false},"author":1,"featured_media":0,"parent":0,"menu_order":0,"comment_status":"closed","ping_status":"closed","template":"","meta":{"footnotes":""},"_links":{"self":[{"href":"https:\/\/eureciclo.pt\/en\/wp-json\/wp\/v2\/pages\/272"}],"collection":[{"href":"https:\/\/eureciclo.pt\/en\/wp-json\/wp\/v2\/pages"}],"about":[{"href":"https:\/\/eureciclo.pt\/en\/wp-json\/wp\/v2\/types\/page"}],"author":[{"embeddable":true,"href":"https:\/\/eureciclo.pt\/en\/wp-json\/wp\/v2\/users\/1"}],"replies":[{"embeddable":true,"href":"https:\/\/eureciclo.pt\/en\/wp-json\/wp\/v2\/comments?post=272"}],"version-history":[{"count":29,"href":"https:\/\/eureciclo.pt\/en\/wp-json\/wp\/v2\/pages\/272\/revisions"}],"predecessor-version":[{"id":1548,"href":"https:\/\/eureciclo.pt\/en\/wp-json\/wp\/v2\/pages\/272\/revisions\/1548"}],"wp:attachment":[{"href":"https:\/\/eureciclo.pt\/en\/wp-json\/wp\/v2\/media?parent=272"}],"curies":[{"name":"wp","href":"https:\/\/api.w.org\/{rel}","templated":true}]}}