{"id":361,"date":"2023-05-19T11:27:43","date_gmt":"2023-05-19T11:27:43","guid":{"rendered":"https:\/\/test.instant.circul8.eu\/?page_id=361"},"modified":"2023-11-30T12:26:12","modified_gmt":"2023-11-30T12:26:12","slug":"contactos","status":"publish","type":"page","link":"https:\/\/eureciclo.pt\/en\/contacts\/","title":{"rendered":"Contacts"},"content":{"rendered":"<h1 class=\"wp-block-heading\">Contacts<\/h1>\n\n\n\n<div style=\"height:35px\" aria-hidden=\"true\" class=\"wp-block-spacer\"><\/div>\n\n\n\n<h2 class=\"wp-block-heading\">Address<\/h2>\n\n\n\n<p class=\"has-link-color wp-elements-c9b791870b93faab02a26113ecfdf037\">ERP Portugal \u2013 Associa\u00e7\u00e3o Gestora de Res\u00edduos<br><a rel=\"noreferrer noopener\" href=\"https:\/\/goo.gl\/maps\/22QCwehYF3UVEnPv5\" target=\"_blank\">Rua de S\u00e3o Sebasti\u00e3o, 16 \u2013 Cabra Figa<\/a><br>2635-448 Rio de Mouro, Sintra<\/p>\n\n\n\n<div style=\"height:35px\" aria-hidden=\"true\" class=\"wp-block-spacer\"><\/div>\n\n\n\n<h2 class=\"wp-block-heading\">Outros contactos<\/h2>\n\n\n\n<p class=\"has-link-color wp-elements-8ebf79c5e7315edabb439742ca1f3254\">Phone number: +351 800 208 889 (green number)<br>E-mail:&nbsp;<a href=\"mailto:operacoes@erp-recycling.org\">operacoes@erp-recycling.org<\/a><br>Web:&nbsp;<a href=\"https:\/\/erp-recycling.org\/pt-pt\/\" target=\"_blank\" rel=\"noreferrer noopener\">erp-recycling.org<\/a><\/p>\n\n\n\n<div style=\"height:35px\" aria-hidden=\"true\" class=\"wp-block-spacer\"><\/div>\n\n\n\n<h2 class=\"wp-block-heading\">Social networks<\/h2>\n\n\n\n<p class=\"has-link-color wp-elements-be2a36f3aaf12ce446ad25896e2f012b\"><a href=\"https:\/\/www.facebook.com\/erp.portugal\/\">Facebook<\/a><br><a href=\"https:\/\/www.instagram.com\/erp_portugal\/\">Instagram<\/a><br><a href=\"https:\/\/www.linkedin.com\/company\/erp-portugal\">Linkedin<\/a><br><a href=\"https:\/\/www.youtube.com\/channel\/UCuDmbWRDwy7KCQSFz054sOQ\">Youtube<\/a><\/p>\n\n\n\n<div style=\"height:100px\" aria-hidden=\"true\" class=\"wp-block-spacer\"><\/div>\n\n\n\n<style>\n.wp-block-post-title{ display: none; }\n<\/style>","protected":false},"excerpt":{"rendered":"<p>Contactos Morada ERP Portugal \u2013 Associa\u00e7\u00e3o Gestora de Res\u00edduosRua de S\u00e3o Sebasti\u00e3o, 16 \u2013 Cabra Figa2635-448 Rio de Mouro, Sintra Outros contactos Telefone: +351 800 208 889 (n\u00famero verde)E-mail:&nbsp;operacoes@erp-recycling.orgWeb:&nbsp;erp-recycling.org Redes sociais FacebookInstagramLinkedinYoutube<\/p>","protected":false},"author":1,"featured_media":0,"parent":0,"menu_order":0,"comment_status":"closed","ping_status":"closed","template":"","meta":{"footnotes":""},"_links":{"self":[{"href":"https:\/\/eureciclo.pt\/en\/wp-json\/wp\/v2\/pages\/361"}],"collection":[{"href":"https:\/\/eureciclo.pt\/en\/wp-json\/wp\/v2\/pages"}],"about":[{"href":"https:\/\/eureciclo.pt\/en\/wp-json\/wp\/v2\/types\/page"}],"author":[{"embeddable":true,"href":"https:\/\/eureciclo.pt\/en\/wp-json\/wp\/v2\/users\/1"}],"replies":[{"embeddable":true,"href":"https:\/\/eureciclo.pt\/en\/wp-json\/wp\/v2\/comments?post=361"}],"version-history":[{"count":13,"href":"https:\/\/eureciclo.pt\/en\/wp-json\/wp\/v2\/pages\/361\/revisions"}],"predecessor-version":[{"id":1184,"href":"https:\/\/eureciclo.pt\/en\/wp-json\/wp\/v2\/pages\/361\/revisions\/1184"}],"wp:attachment":[{"href":"https:\/\/eureciclo.pt\/en\/wp-json\/wp\/v2\/media?parent=361"}],"curies":[{"name":"wp","href":"https:\/\/api.w.org\/{rel}","templated":true}]}}