{"id":434,"date":"2023-05-31T08:08:00","date_gmt":"2023-05-31T08:08:00","guid":{"rendered":"https:\/\/test.instant.circul8.eu\/?page_id=434"},"modified":"2023-09-25T14:49:57","modified_gmt":"2023-09-25T14:49:57","slug":"formulario-inscricao-juntas-freguesia","status":"publish","type":"page","link":"https:\/\/eureciclo.pt\/en\/formulario-inscricao-juntas-freguesia\/","title":{"rendered":"Formul\u00e1rio de Inscri\u00e7\u00e3o &#8211; Juntas Freguesia"},"content":{"rendered":"<\/p>\n\n\n\n<div style=\"height: 100%; width: 100%; text-align: center; margin: 0 auto; display: flex; padding: 0; max-width: 100%\"><iframe id=\"ir_iframe\" src=\"https:\/\/instant.circul8.eu\/eureciclo-pt-inscricao-juntas-de-freguesia\/\" style=\"position:relative; padding:0; overflow:hidden; width: 100%; min-height: 200px; border: none; margin: 0 auto;\">\n    Your browser doesn&#8217;t support iframes\n<\/iframe>\n<\/div>\n\n\n<p>\n\n\n\n<style>\nfooter, .floating-button{ display: none}\nbody, html {\n  overflow: hidden\n}\n\n.has-global-padding{\n    padding-left: 0px !important;\n    padding-right: 0px !important;\n}\n\n<\/style>","protected":false},"excerpt":{"rendered":"","protected":false},"author":1,"featured_media":0,"parent":0,"menu_order":0,"comment_status":"closed","ping_status":"closed","template":"blank","meta":{"footnotes":""},"_links":{"self":[{"href":"https:\/\/eureciclo.pt\/en\/wp-json\/wp\/v2\/pages\/434"}],"collection":[{"href":"https:\/\/eureciclo.pt\/en\/wp-json\/wp\/v2\/pages"}],"about":[{"href":"https:\/\/eureciclo.pt\/en\/wp-json\/wp\/v2\/types\/page"}],"author":[{"embeddable":true,"href":"https:\/\/eureciclo.pt\/en\/wp-json\/wp\/v2\/users\/1"}],"replies":[{"embeddable":true,"href":"https:\/\/eureciclo.pt\/en\/wp-json\/wp\/v2\/comments?post=434"}],"version-history":[{"count":4,"href":"https:\/\/eureciclo.pt\/en\/wp-json\/wp\/v2\/pages\/434\/revisions"}],"predecessor-version":[{"id":522,"href":"https:\/\/eureciclo.pt\/en\/wp-json\/wp\/v2\/pages\/434\/revisions\/522"}],"wp:attachment":[{"href":"https:\/\/eureciclo.pt\/en\/wp-json\/wp\/v2\/media?parent=434"}],"curies":[{"name":"wp","href":"https:\/\/api.w.org\/{rel}","templated":true}]}}