{"id":619,"date":"2023-07-17T11:08:39","date_gmt":"2023-07-17T11:08:39","guid":{"rendered":"https:\/\/test.instant.circul8.eu\/?page_id=619"},"modified":"2023-11-03T11:32:41","modified_gmt":"2023-11-03T11:32:41","slug":"termos-e-condicoes-de-utilizacao","status":"publish","type":"page","link":"https:\/\/eureciclo.pt\/en\/termos-e-condicoes-de-utilizacao\/","title":{"rendered":"Terms and Conditions of Use"},"content":{"rendered":"<div style=\"height:100px\" aria-hidden=\"true\" class=\"wp-block-spacer\"><\/div>\n\n\n\n<h1 class=\"wp-block-heading\">Terms and Conditions of Use<\/h1>\n\n\n\n<h2 class=\"wp-block-heading\">Identification<\/h2>\n\n\n\n<p>Welcome to the&nbsp;<em>website<\/em>&nbsp;of ERP Portugal, operated by a company incorporated under the laws of Portugal. ERP Portugal is a waste management entity for Electrical and Electronic Equipment Waste and Waste of Batteries and Accumulators.<\/p>\n\n\n\n<p>Register address:<br>Centro Empresarial Ribeira da Penha Longa<br>Rua D. Dinis Bordalo Pinheiro, 467B<br>2645-539 Alcabideche<\/p>\n\n\n\n<p>Tax Identification Number (NIF):<br>507 321 634<\/p>\n\n\n\n<h2 class=\"wp-block-heading\">Terms of Use<\/h2>\n\n\n\n<p>Any use of this website is subject to the acceptance of these terms and conditions of use ('Terms').<\/p>\n\n\n\n<p>We reserve the right to change these terms periodically, without prior notice, as we deem appropriate. It is the user's responsibility to regularly check this page for updates, which will take effect upon their publication. The continued use of the&nbsp;<em>website<\/em>&nbsp;will be considered as confirmation that you have read, understood, and accepted these terms.<\/p>\n\n\n\n<p>All references to 'our', 'we', or 'ERP' in these Terms are considered to refer to ERP Portugal.<\/p>\n\n\n\n<ol>\n<li><strong>Privacy<\/strong><\/li>\n<\/ol>\n\n\n\n<p>Your privacy rights, as well as the security of your data, are some of our top priorities. You can find more information in our&nbsp;<a href=\"\/en\/privacy-policy\/\">Privacy policy<\/a>.<\/p>\n\n\n\n<ol start=\"2\">\n<li><strong>Cookies<\/strong><\/li>\n<\/ol>\n\n\n\n<p>To this&nbsp;<em>website<\/em>&nbsp;to function correctly, it is necessary for us to use small data files called&nbsp;<em>cookies<\/em>&nbsp;on your device, in line with the majority of&nbsp;<em>websites<\/em>. To learn more about the subject, please consult our&nbsp;<a href=\"\/en\/politica-de-cookies\/\">Policy for&nbsp;<em>Cookies<\/em><\/a>.<\/p>\n\n\n\n<ol start=\"3\">\n<li><strong>Intellectual Property Rights and Confidentiality<\/strong><\/li>\n<\/ol>\n\n\n\n<p>In relation to intellectual property laws, this&nbsp;<em>website<\/em>&nbsp;and its content (registered trademarks, designs, images, text marks, patents, copyrights, database rights, etc.) are our exclusive property or that of third parties from whom we have obtained the right to use. The&nbsp;<em>online<\/em>&nbsp;user does not have permission to reproduce, copy, disseminate, or use it in any other manner without our prior written consent.<\/p>\n\n\n\n<p>You can see this&nbsp;<em>website<\/em>&nbsp;and print copies of the material only for your personal, non-commercial use. Any data entered by our business partners in any login section, on a platform provided for in a contract, are subject to the terms of confidentiality contained therein. If you choose or are given a user identification code, password, or any other information as part of our security procedures, you must treat such information as confidential and not disclose it to any third party.<\/p>\n\n\n\n<ol start=\"4\">\n<li><strong>Acceptance of the Usage Policy<\/strong><\/li>\n<\/ol>\n\n\n\n<p>It's not authorized the use of this&nbsp;<em>website<\/em>&nbsp;or any of its features and\/or services for any purpose that is illegal or prohibited under these Terms. You may not use this&nbsp;<em>website<\/em>&nbsp;in a way to damage, deactivate, overload or arm of this&nbsp;<em>website<\/em>, it's functionalities and \/ or available services. No&nbsp;<em>website<\/em>&nbsp;may be linked to this or its pages without our prior written consent.<\/p>\n\n\n\n<p class=\"translation-block\">Whenever you use a feature that allows you to upload content to our website or to make contact with other users of the website, you guarantee that this contribution complies with the usage policy. You are not permitted to use this website to post any material\/content that is offensive, indecent, pornographic, defamatory, or objectionable.<\/p>\n\n\n\n<p class=\"translation-block\">You must not misuse our website by knowingly introducing viruses, trojans, worms, logic bombs, or other material which is malicious or technologically harmful. You also must not attempt to gain unauthorized access to our website, the server on which our website is stored, or any server, computer, or database connected to our website. Any such breaches will be reported to the relevant law enforcement authorities, and we will cooperate with those authorities by disclosing your identity to them.<\/p>\n\n\n\n<p>We have the right to disable any user identification code or password, whether chosen by you or allocated by us, at any time, if in our opinion you have failed to comply with any of the provisions of these Terms. All other rights are reserved.<\/p>\n\n\n\n<ol start=\"5\">\n<li><strong>Responsabilities<\/strong><\/li>\n<\/ol>\n\n\n\n<p class=\"translation-block\">This website is available without any representations or warranties of any kind, express or implied, to the fullest extent permitted by applicable law. All use of the website is the responsibility and risk of the user, and it signifies that you agree that we will not be liable for damages arising from your use or inability to use the website, viruses or other technologically harmful material that may infect your equipment\/device, computer programs, data, or other material, while also waiving any and all claims in this regard, whether based on contract, tort, or other grounds.<\/p>\n\n\n\n<p class=\"translation-block\">The comments and other materials posted on our website are not intended to provide advice on trustworthiness. Therefore, we are exempt from all liability and reliability regarding materials\/contents posted by any visitor or person who may be informed about them. We will not be responsible or held accountable for third parties for the content or accuracy of any materials posted by any user of our website. We have the right to remove any material or publication that, in our opinion, does not comply with the content standards established in our usage policy.<\/p>\n\n\n\n<p class=\"translation-block\">You acknowledge and agree that we are not responsible for the information provided by third-party websites to which you may connect from this website (\"linked websites\"). The links to linked websites do not constitute an endorsement or affiliation with our entity, nor the content, products, advertising, or other materials presented on these websites.<\/p>\n\n\n\n<ol start=\"6\">\n<li><strong>Applicable legislation<\/strong><\/li>\n<\/ol>\n\n\n\n<p class=\"translation-block\">These Terms and any dispute or claim arising out of or in connection with them or their content (including non-contractual disputes or claims) and any matter related to this website are governed by the laws of Portugal, and each party involved shall submit to the exclusive jurisdiction of the courts of this country.<\/p>\n\n\n\n<ol start=\"7\">\n<li><strong>Contact<\/strong><\/li>\n<\/ol>\n\n\n\n<p>Responsible for the publications of this website:&nbsp;<em>website<\/em>:<br>ERP Portugal<\/p>\n\n\n\n<p>For comments or suggestions to the&nbsp;<em>website<\/em>&nbsp;of ERP Portugal:<br>info@erp-portugal.pt<\/p>\n\n\n\n<div style=\"height:100px\" aria-hidden=\"true\" class=\"wp-block-spacer\"><\/div>\n\n\n\n<style>\n.wp-block-post-title{ display: none; }\n<\/style>","protected":false},"excerpt":{"rendered":"<p>Termos e Condi\u00e7\u00f5es de utiliza\u00e7\u00e3o Identifica\u00e7\u00e3o Bem-vindo ao&nbsp;website&nbsp;da ERP Portugal, operado por uma empresa constitu\u00edda sob as Leis de Portugal. A ERP Portugal \u00e9 uma entidade gestora de Res\u00edduos de Equipamentos El\u00e9tricos e Eletr\u00f3nicos e de Res\u00edduos de Pilhas e Acumuladores. Endere\u00e7o de registo:Centro Empresarial Ribeira da Penha LongaRua D. Dinis Bordalo Pinheiro, 467B2645-539 Alcabideche [&hellip;]<\/p>","protected":false},"author":1,"featured_media":0,"parent":0,"menu_order":0,"comment_status":"closed","ping_status":"closed","template":"","meta":{"footnotes":""},"_links":{"self":[{"href":"https:\/\/eureciclo.pt\/en\/wp-json\/wp\/v2\/pages\/619"}],"collection":[{"href":"https:\/\/eureciclo.pt\/en\/wp-json\/wp\/v2\/pages"}],"about":[{"href":"https:\/\/eureciclo.pt\/en\/wp-json\/wp\/v2\/types\/page"}],"author":[{"embeddable":true,"href":"https:\/\/eureciclo.pt\/en\/wp-json\/wp\/v2\/users\/1"}],"replies":[{"embeddable":true,"href":"https:\/\/eureciclo.pt\/en\/wp-json\/wp\/v2\/comments?post=619"}],"version-history":[{"count":3,"href":"https:\/\/eureciclo.pt\/en\/wp-json\/wp\/v2\/pages\/619\/revisions"}],"predecessor-version":[{"id":1062,"href":"https:\/\/eureciclo.pt\/en\/wp-json\/wp\/v2\/pages\/619\/revisions\/1062"}],"wp:attachment":[{"href":"https:\/\/eureciclo.pt\/en\/wp-json\/wp\/v2\/media?parent=619"}],"curies":[{"name":"wp","href":"https:\/\/api.w.org\/{rel}","templated":true}]}}