{"id":68,"date":"2023-03-17T07:48:28","date_gmt":"2023-03-17T07:48:28","guid":{"rendered":"https:\/\/test.instant.circul8.eu\/?page_id=68"},"modified":"2025-10-28T07:58:11","modified_gmt":"2025-10-28T07:58:11","slug":"campanhas-de-recolha","status":"publish","type":"page","link":"https:\/\/eureciclo.pt\/en\/","title":{"rendered":"Pickup Campaigns"},"content":{"rendered":"<div style=\"height:50px\" aria-hidden=\"true\" class=\"wp-block-spacer\"><\/div>\n\n\n\n<div class=\"wp-block-columns campaign-block is-layout-flex wp-container-4 wp-block-columns-is-layout-flex\" id=\"hino\">\n<div class=\"wp-block-column campaign-text is-layout-flow wp-block-column-is-layout-flow\">\n<h2 class=\"wp-block-heading\">Embark on this adventure and learn how to transform the future!<\/h2>\n\n\n\n<p>Discover the Transformarium mission, created to inspire schools and students.<\/p>\n\n\n\n<div class=\"wp-block-buttons is-layout-flex wp-block-buttons-is-layout-flex\">\n<div class=\"wp-block-button\"><a class=\"wp-block-button__link wp-element-button\" href=\"https:\/\/transformarium.pt\/\" target=\"_blank\" rel=\"noreferrer noopener\">Go to website<\/a><\/div>\n<\/div>\n<\/div>\n\n\n\n<div class=\"wp-block-column imgRight is-layout-flow wp-block-column-is-layout-flow\">\n<figure class=\"wp-block-image size-full has-custom-border campaign-img\"><a href=\"https:\/\/transformarium.pt\/\"><img decoding=\"async\" loading=\"lazy\" width=\"1764\" height=\"1764\" src=\"https:\/\/eureciclo.pt\/wp-content\/uploads\/2025\/10\/BANNER-TRANSFORMARIUM-1764X1764_VF.jpg\" alt=\"\" class=\"wp-image-1590\" style=\"border-radius:100%\"\/><\/a><\/figure>\n\n\n\n<div class=\"right-entities\"><img decoding=\"async\" src=\"\/wp-content\/uploads\/2023\/03\/right-entities-graphics.png\"><\/div>\n\n\n\n<div class=\"left-entities\"><img decoding=\"async\" src=\"\/wp-content\/uploads\/2023\/03\/left-entities-graphics.png\"><\/div>\n<\/div>\n<\/div>\n\n\n\n<div class=\"wp-block-columns campaign-block is-layout-flex wp-container-7 wp-block-columns-is-layout-flex\">\n<div class=\"wp-block-column imgLeft initImg is-layout-flow wp-block-column-is-layout-flow\">\n<figure class=\"wp-block-image size-large has-custom-border radioImg\"><img decoding=\"async\" loading=\"lazy\" width=\"1024\" height=\"1024\" src=\"\/wp-content\/uploads\/2023\/03\/GettyImages-647332701-1024x1024.jpg\" alt=\"\" class=\"wp-image-59\" style=\"border-radius:100%\" srcset=\"https:\/\/eureciclo.pt\/wp-content\/uploads\/2023\/03\/GettyImages-647332701-1024x1024.jpg 1024w, https:\/\/eureciclo.pt\/wp-content\/uploads\/2023\/03\/GettyImages-647332701-150x150.jpg 150w, https:\/\/eureciclo.pt\/wp-content\/uploads\/2023\/03\/GettyImages-647332701-300x300.jpg 300w, https:\/\/eureciclo.pt\/wp-content\/uploads\/2023\/03\/GettyImages-647332701-768x768.jpg 768w, https:\/\/eureciclo.pt\/wp-content\/uploads\/2023\/03\/GettyImages-647332701-12x12.jpg 12w, https:\/\/eureciclo.pt\/wp-content\/uploads\/2023\/03\/GettyImages-647332701.jpg 1200w\" sizes=\"(max-width: 1024px) 100vw, 1024px\" \/><\/figure>\n\n\n\n<div class=\"large-erp-symbol\"><img decoding=\"async\" src=\"\/wp-content\/uploads\/2023\/03\/erp-symbol.png\"><\/div>\n<\/div>\n\n\n\n<div class=\"wp-block-column campaign-text first-block is-layout-flow wp-block-column-is-layout-flow\">\n<div class=\"small-blurry-red\"><img decoding=\"async\" src=\"\/wp-content\/uploads\/2023\/03\/smaller-blured-circle.png\"><\/div>\n\n\n\n<h3 class=\"wp-block-heading\">Join our<br>Pickup Campaigns<\/h3>\n\n\n\n<h1 class=\"wp-block-heading\">How can I contribute?<\/h1>\n\n\n\n<p><\/p>\n<\/div>\n<\/div>\n\n\n\n<div class=\"wp-block-columns campaign-block is-layout-flex wp-container-11 wp-block-columns-is-layout-flex\" id=\"EmpresaEntidade\">\n<div class=\"wp-block-column campaign-text is-layout-flow wp-block-column-is-layout-flow\">\n<h2 class=\"wp-block-heading\">In my Company<br>or Entity<\/h2>\n\n\n\n<h3 class=\"wp-block-heading\">A sua empresa j\u00e1 \u00e9 um ponto de recolha de REEE E RB?<\/h3>\n\n\n\n<p>Sabia que pode celebrar um Contrato que define os princ\u00edpios gerais de colabora\u00e7\u00e3o entre a sua empresa e a ERP Portugal, para a recolha de REEE e RB?<\/p>\n\n\n\n<p><br>And that you can provide this service to your employees and clients, and your company can also have other benefits?<\/p>\n\n\n\n<p><br>This is a simple and quick process that you can finalize through the email: <a href=\"mailto:operacoes@erp-recycling.org\">operacoes@erp-recycling.org<\/a> or through the phone number: 800 208 889<\/p>\n\n\n\n<div class=\"wp-block-buttons is-layout-flex wp-block-buttons-is-layout-flex\">\n<div class=\"wp-block-button\"><a class=\"wp-block-button__link wp-element-button\" href=\"\/en\/recolhas-empresas-entidades-lojas\/\">Request pickup<\/a><\/div>\n<\/div>\n<\/div>\n\n\n\n<div class=\"wp-block-column imgRight is-layout-flow wp-block-column-is-layout-flow\">\n<figure class=\"wp-block-image size-large has-custom-border campaign-img\"><img decoding=\"async\" loading=\"lazy\" width=\"1413\" height=\"1414\" src=\"\/wp-content\/uploads\/2023\/08\/GettyImages-1313807718-edited.jpg\" alt=\"\" class=\"wp-image-882\" style=\"border-radius:100%\" srcset=\"https:\/\/eureciclo.pt\/wp-content\/uploads\/2023\/08\/GettyImages-1313807718-edited.jpg 1413w, https:\/\/eureciclo.pt\/wp-content\/uploads\/2023\/08\/GettyImages-1313807718-edited-300x300.jpg 300w, https:\/\/eureciclo.pt\/wp-content\/uploads\/2023\/08\/GettyImages-1313807718-edited-1024x1024.jpg 1024w, https:\/\/eureciclo.pt\/wp-content\/uploads\/2023\/08\/GettyImages-1313807718-edited-150x150.jpg 150w, https:\/\/eureciclo.pt\/wp-content\/uploads\/2023\/08\/GettyImages-1313807718-edited-768x769.jpg 768w, https:\/\/eureciclo.pt\/wp-content\/uploads\/2023\/08\/GettyImages-1313807718-edited-12x12.jpg 12w\" sizes=\"(max-width: 1413px) 100vw, 1413px\" \/><\/figure>\n\n\n\n<div class=\"right-entities\"><img decoding=\"async\" src=\"\/wp-content\/uploads\/2023\/03\/right-entities-graphics.png\"><\/div>\n\n\n\n<div class=\"left-entities\"><img decoding=\"async\" src=\"\/wp-content\/uploads\/2023\/03\/left-entities-graphics.png\"><\/div>\n<\/div>\n<\/div>\n\n\n\n<div class=\"wp-block-columns campaign-block is-layout-flex wp-container-15 wp-block-columns-is-layout-flex\" id=\"Loja\">\n<div class=\"wp-block-column imgLeft is-layout-flow wp-block-column-is-layout-flow\">\n<figure class=\"wp-block-image size-large has-custom-border campaign-img\"><img decoding=\"async\" loading=\"lazy\" width=\"1024\" height=\"1024\" src=\"\/wp-content\/uploads\/2023\/03\/GettyImages-1369508999-1024x1024.png\" alt=\"Woman collecting a flower bouquet in a Flower Store\" class=\"wp-image-138\" style=\"border-radius:100%\" srcset=\"https:\/\/eureciclo.pt\/wp-content\/uploads\/2023\/03\/GettyImages-1369508999-1024x1024.png 1024w, https:\/\/eureciclo.pt\/wp-content\/uploads\/2023\/03\/GettyImages-1369508999-1536x1536.png 1536w, https:\/\/eureciclo.pt\/wp-content\/uploads\/2023\/03\/GettyImages-1369508999-150x150.png 150w, https:\/\/eureciclo.pt\/wp-content\/uploads\/2023\/03\/GettyImages-1369508999-300x300.png 300w, https:\/\/eureciclo.pt\/wp-content\/uploads\/2023\/03\/GettyImages-1369508999-768x768.png 768w, https:\/\/eureciclo.pt\/wp-content\/uploads\/2023\/03\/GettyImages-1369508999-12x12.png 12w, https:\/\/eureciclo.pt\/wp-content\/uploads\/2023\/03\/GettyImages-1369508999.png 2000w\" sizes=\"(max-width: 1024px) 100vw, 1024px\" \/><\/figure>\n\n\n\n<div class=\"faded-erp\"><img decoding=\"async\" src=\"\/wp-content\/uploads\/2023\/03\/faded-erp.png\"><\/div>\n<\/div>\n\n\n\n<div class=\"wp-block-column campaign-text is-layout-flow wp-block-column-is-layout-flow\">\n<h2 class=\"wp-block-heading\">At my Store<\/h2>\n\n\n\n<p>Did you know that traders are obligated to ensure:<\/p>\n\n\n\n<p>The free take-back of WEEE from private users, on a one-to-one basis, upon the supply of a new equivalent EEE;<\/p>\n\n\n\n<p>Nos estabelecimentos com \u00e1reas de venda de el\u00e9tricos e eletr\u00f3nicos com \u00e1reas&nbsp; \u2265 400m2, a rece\u00e7\u00e3o de REEE de muito pequena dimens\u00e3o (nenhuma dimens\u00e3o externa &gt;25cm), gratuitamente e sem obriga\u00e7\u00e3o do utilizador particular comprar um EEE equivalente, podendo a recolha ocorrer no estabelecimento ou nas imedia\u00e7\u00f5es;<\/p>\n\n\n\n<p>The take-back of WEEE when sales occur through distance selling techniques.<\/p>\n\n\n\n<h3 class=\"wp-block-heading\">ERP Portugal can assist you in complying with these legal obligations.<\/h3>\n\n\n\n<p>This is a simple and quick process that you can finalize through the email: <a href=\"mailto:operacoes@erp-recycling.org\">operacoes@erp-recycling.org<\/a> or through the phone number: 800 208 889<\/p>\n\n\n\n<div class=\"wp-block-buttons is-layout-flex wp-block-buttons-is-layout-flex\">\n<div class=\"wp-block-button\"><a class=\"wp-block-button__link wp-element-button\" href=\"\/en\/recolhas-empresas-entidades-lojas\/\">Request pickup<\/a><\/div>\n\n\n\n<div class=\"wp-block-button is-style-fill\"><a class=\"wp-block-button__link wp-element-button\" href=\"\/wp-content\/uploads\/2023\/07\/i011681_unilex.pdf\">Read more<\/a><\/div>\n<\/div>\n<\/div>\n<\/div>\n\n\n\n<div class=\"wp-block-columns campaign-block is-layout-flex wp-container-19 wp-block-columns-is-layout-flex\">\n<div class=\"wp-block-column campaign-text is-layout-flow wp-block-column-is-layout-flow\">\n<figure class=\"wp-block-image size-full is-resized\"><img decoding=\"async\" src=\"\/wp-content\/uploads\/2023\/07\/2022_logo_Geracao_Depositrao_cmyk-Copy.png\" alt=\"\" class=\"wp-image-586\" style=\"width:401px\" width=\"401\" srcset=\"https:\/\/eureciclo.pt\/wp-content\/uploads\/2023\/07\/2022_logo_Geracao_Depositrao_cmyk-Copy.png 535w, https:\/\/eureciclo.pt\/wp-content\/uploads\/2023\/07\/2022_logo_Geracao_Depositrao_cmyk-Copy-18x4.png 18w, https:\/\/eureciclo.pt\/wp-content\/uploads\/2023\/07\/2022_logo_Geracao_Depositrao_cmyk-Copy-300x69.png 300w\" sizes=\"(max-width: 535px) 100vw, 535px\" \/><\/figure>\n\n\n\n<div style=\"height:1px\" aria-hidden=\"true\" class=\"wp-block-spacer\"><\/div>\n\n\n\n<p>As a result of a partnership between ERP Portugal (Waste Management Entity) and the Eco-Schools Program (ABAE), the Gera\u00e7\u00e3o Depositr\u00e3o project aims to (in)form children, youth, and through them, the entire educational community about the importance of proper disposal of Waste Electrical and Electronic Equipment (WEEE) and Waste Batteries and Accumulators (WBA).<\/p>\n\n\n\n<p><strong>The Gera\u00e7\u00e3o Depositr\u00e3o project is the result of various campaigns carried out by ERP Portugal, in collaboration with&nbsp;<\/strong><strong><em>target<\/em><\/strong><strong>&nbsp;schools, since the beginning of 2007.<\/strong><strong>.<\/strong><\/p>\n\n\n\n<p>In this context, and because proper waste disposal is essential, schools play a very important role in informing, educating, and training the adults of tomorrow, who will be excellent and effective advocates and influencers of the behavior of today's adults.<\/p>\n\n\n\n<div class=\"wp-block-buttons is-layout-flex wp-block-buttons-is-layout-flex\">\n<div class=\"wp-block-button\"><a class=\"wp-block-button__link wp-element-button\" href=\"\/en\/recolhas-geracao-depositrao\/\">Request pickup<\/a><\/div>\n\n\n\n<div class=\"wp-block-button\"><a class=\"wp-block-button__link wp-element-button\" href=\"\/en\/geracao-depositrao\/\">Join<\/a><\/div>\n\n\n\n<div class=\"wp-block-button\"><a class=\"wp-block-button__link wp-element-button\" href=\"\/en\/geracao-depositrao\/\">Read more<\/a><\/div>\n<\/div>\n<\/div>\n\n\n\n<div class=\"wp-block-column imgRight is-layout-flow wp-block-column-is-layout-flow\">\n<figure class=\"wp-block-image size-large has-custom-border campaign-img\"><img decoding=\"async\" loading=\"lazy\" width=\"1415\" height=\"1414\" src=\"\/wp-content\/uploads\/2023\/08\/GettyImages-839325654-edited.jpg\" alt=\"School kids running in elementary school hallway, front view\" class=\"wp-image-885\" style=\"border-radius:100%\" srcset=\"https:\/\/eureciclo.pt\/wp-content\/uploads\/2023\/08\/GettyImages-839325654-edited.jpg 1415w, https:\/\/eureciclo.pt\/wp-content\/uploads\/2023\/08\/GettyImages-839325654-edited-300x300.jpg 300w, https:\/\/eureciclo.pt\/wp-content\/uploads\/2023\/08\/GettyImages-839325654-edited-1024x1024.jpg 1024w, https:\/\/eureciclo.pt\/wp-content\/uploads\/2023\/08\/GettyImages-839325654-edited-150x150.jpg 150w, https:\/\/eureciclo.pt\/wp-content\/uploads\/2023\/08\/GettyImages-839325654-edited-768x767.jpg 768w, https:\/\/eureciclo.pt\/wp-content\/uploads\/2023\/08\/GettyImages-839325654-edited-12x12.jpg 12w\" sizes=\"(max-width: 1415px) 100vw, 1415px\" \/><\/figure>\n\n\n\n<div class=\"large-erp-symbol-escola\"><img decoding=\"async\" src=\"\/wp-content\/uploads\/2023\/03\/erp-symbol.png\"><\/div>\n\n\n\n<div class=\"smaller-blurry\"><img decoding=\"async\" src=\"\/wp-content\/uploads\/2023\/03\/smaller-blured-circle.png\"><\/div>\n<\/div>\n<\/div>\n\n\n\n<div class=\"wp-block-columns campaign-block is-layout-flex wp-container-23 wp-block-columns-is-layout-flex\">\n<div class=\"wp-block-column imgLeft is-layout-flow wp-block-column-is-layout-flow\">\n<figure class=\"wp-block-image size-large has-custom-border campaign-img\"><img decoding=\"async\" loading=\"lazy\" width=\"1024\" height=\"1024\" src=\"\/wp-content\/uploads\/2023\/03\/naJunta-1024x1024.png\" alt=\"\" class=\"wp-image-152\" style=\"border-radius:0%\" srcset=\"https:\/\/eureciclo.pt\/wp-content\/uploads\/2023\/03\/naJunta-1024x1024.png 1024w, https:\/\/eureciclo.pt\/wp-content\/uploads\/2023\/03\/naJunta-150x150.png 150w, https:\/\/eureciclo.pt\/wp-content\/uploads\/2023\/03\/naJunta-300x300.png 300w, https:\/\/eureciclo.pt\/wp-content\/uploads\/2023\/03\/naJunta-768x768.png 768w, https:\/\/eureciclo.pt\/wp-content\/uploads\/2023\/03\/naJunta-12x12.png 12w, https:\/\/eureciclo.pt\/wp-content\/uploads\/2023\/03\/naJunta.png 1364w\" sizes=\"(max-width: 1024px) 100vw, 1024px\" \/><\/figure>\n\n\n\n<div class=\"junta\"><img decoding=\"async\" src=\"\/wp-content\/uploads\/2023\/03\/junta_behind.png\"><\/div>\n<\/div>\n\n\n\n<div class=\"wp-block-column campaign-text is-layout-flow wp-block-column-is-layout-flow\">\n<h2 class=\"wp-block-heading\">Junta na Freguesia<\/h2>\n\n\n\n<p>The \"Junta na Freguesia\" program aims to transform each Parish Council into a <strong>command center for a sustainability movement. <\/strong>where everyone wins, individually and collectively:<\/p>\n\n\n\n<p>1. Informing and training about the specific characteristics of WEEE and WBA and the main concepts associated with their recycling;<\/p>\n\n\n\n<p>2. Raising awareness within your communities about the importance of proper disposal of WEEE and WBA, with Parish Councils in each locality serving as collection points for them;<\/p>\n\n\n\n<p>3. Combating the inertia and passivity of citizens, reflected in the storage of waste at home;<\/p>\n\n\n\n<p>4. Promoting and encouraging awareness, communication, and education within local communities and businesses;<\/p>\n\n\n\n<p>5. Stimulating social sustainability in the region of each Parish Council, encouraging the participation of the surrounding community.<\/p>\n\n\n\n<div class=\"wp-block-buttons is-layout-flex wp-block-buttons-is-layout-flex\">\n<div class=\"wp-block-button\"><a class=\"wp-block-button__link wp-element-button\" href=\"\/en\/collection-points\/\">Collection points<\/a><\/div>\n\n\n\n<div class=\"wp-block-button\"><a class=\"wp-block-button__link wp-element-button\" href=\"\/en\/junta-freguesia\/\">Read more<\/a><\/div>\n<\/div>\n\n\n\n<div class=\"left-entities-2\"><img decoding=\"async\" src=\"\/wp-content\/uploads\/2023\/03\/left-entities-graphics.png\"><\/div>\n<\/div>\n<\/div>\n\n\n\n<div class=\"wp-block-columns campaign-block is-layout-flex wp-container-27 wp-block-columns-is-layout-flex\">\n<div class=\"wp-block-column campaign-text is-layout-flow wp-block-column-is-layout-flow\">\n<h2 class=\"wp-block-heading\" id=\"ConsumidorFinal\">The end-consumer<\/h2>\n\n\n\n<p>\"Collection requests can only be submitted by schools, appliance stores, and companies\/organizations.\"<\/p>\n\n\n\n<p>Consumers can choose from <strong>3 free channels<\/strong> to deliver their waste:<\/p>\n\n\n\n<p>a) <strong>Appliance and battery stores.<\/strong> - deliver the old equipment when purchasing a new equivalent and\/or deposit these waste items in a container designated for this purpose (Depositr\u00e3o for WEEE and \"Traga Pilhas\" for used batteries);<\/p>\n\n\n\n<p>b) <strong>Depositr\u00e3o and Traga Pilhas<\/strong> - utilize the logistical equipment of the Depositr\u00e3o and Traga Pilhas network, to be searched <a href=\"\/en\/collection-points\/\">here<\/a>;<\/p>\n\n\n\n<p>c) <strong>Reception center<\/strong> - deliver end-of-life electrical and electronic equipment and batteries at these facilities, the location of which can be found <a href=\"https:\/\/goo.gl\/maps\/hrkG9VfryR3eQPjW6\" target=\"_blank\" rel=\"noreferrer noopener\">here<\/a><\/p>\n\n\n\n<p>Available locations <a href=\"\/en\/collection-points\/\">here<\/a><\/p>\n\n\n\n<div class=\"wp-block-buttons is-layout-flex wp-block-buttons-is-layout-flex\">\n<div class=\"wp-block-button\"><a class=\"wp-block-button__link wp-element-button\" href=\"\/en\/collection-points\/\">Collection points<\/a><\/div>\n<\/div>\n<\/div>\n\n\n\n<div class=\"wp-block-column imgRight is-layout-flow wp-block-column-is-layout-flow\">\n<figure class=\"wp-block-image size-large has-custom-border campaign-img\"><img decoding=\"async\" loading=\"lazy\" width=\"1415\" height=\"1414\" src=\"\/wp-content\/uploads\/2023\/08\/GettyImages-1430371473-edited.jpg\" alt=\"Image of a group of multiracial asian people carrying boxes of computer parts and cables for recycle. Asian people recycling electronic waste.\" class=\"wp-image-888\" style=\"border-radius:100%\" srcset=\"https:\/\/eureciclo.pt\/wp-content\/uploads\/2023\/08\/GettyImages-1430371473-edited.jpg 1415w, https:\/\/eureciclo.pt\/wp-content\/uploads\/2023\/08\/GettyImages-1430371473-edited-300x300.jpg 300w, https:\/\/eureciclo.pt\/wp-content\/uploads\/2023\/08\/GettyImages-1430371473-edited-1024x1024.jpg 1024w, https:\/\/eureciclo.pt\/wp-content\/uploads\/2023\/08\/GettyImages-1430371473-edited-150x150.jpg 150w, https:\/\/eureciclo.pt\/wp-content\/uploads\/2023\/08\/GettyImages-1430371473-edited-768x767.jpg 768w, https:\/\/eureciclo.pt\/wp-content\/uploads\/2023\/08\/GettyImages-1430371473-edited-12x12.jpg 12w\" sizes=\"(max-width: 1415px) 100vw, 1415px\" \/><\/figure>\n\n\n\n<div class=\"right-consumer\"><img decoding=\"async\" src=\"\/wp-content\/uploads\/2023\/03\/right-consumer-grey.png\"><\/div>\n\n\n\n<div class=\"left-consumer\"><img decoding=\"async\" src=\"\/wp-content\/uploads\/2023\/03\/left-consumer-red.png\"><\/div>\n\n\n\n<div class=\"transparent-circle\"><img decoding=\"async\" src=\"\/wp-content\/uploads\/2023\/03\/transparent-circle.png\"><\/div>\n<\/div>\n<\/div>","protected":false},"excerpt":{"rendered":"<p>Embarca nesta aventura e aprende a transformar o futuro! Descobre a miss\u00e3o Transformarium, criada para inspirar escolas e alunos. Junte-se \u00e0s nossasCampanhas de Recolha de Res\u00edduos Como posso contribuir? Na minha Empresaou Entidade A sua empresa j\u00e1 \u00e9 um ponto de recolha de REEE E RB? Sabia que pode celebrar um Contrato que define os [&hellip;]<\/p>","protected":false},"author":1,"featured_media":0,"parent":0,"menu_order":0,"comment_status":"closed","ping_status":"closed","template":"","meta":{"footnotes":""},"_links":{"self":[{"href":"https:\/\/eureciclo.pt\/en\/wp-json\/wp\/v2\/pages\/68"}],"collection":[{"href":"https:\/\/eureciclo.pt\/en\/wp-json\/wp\/v2\/pages"}],"about":[{"href":"https:\/\/eureciclo.pt\/en\/wp-json\/wp\/v2\/types\/page"}],"author":[{"embeddable":true,"href":"https:\/\/eureciclo.pt\/en\/wp-json\/wp\/v2\/users\/1"}],"replies":[{"embeddable":true,"href":"https:\/\/eureciclo.pt\/en\/wp-json\/wp\/v2\/comments?post=68"}],"version-history":[{"count":162,"href":"https:\/\/eureciclo.pt\/en\/wp-json\/wp\/v2\/pages\/68\/revisions"}],"predecessor-version":[{"id":1592,"href":"https:\/\/eureciclo.pt\/en\/wp-json\/wp\/v2\/pages\/68\/revisions\/1592"}],"wp:attachment":[{"href":"https:\/\/eureciclo.pt\/en\/wp-json\/wp\/v2\/media?parent=68"}],"curies":[{"name":"wp","href":"https:\/\/api.w.org\/{rel}","templated":true}]}}