{"id":735,"date":"2023-07-27T09:23:03","date_gmt":"2023-07-27T09:23:03","guid":{"rendered":"https:\/\/test.instant.circul8.eu\/?page_id=735"},"modified":"2026-03-27T14:30:39","modified_gmt":"2026-03-27T14:30:39","slug":"geracao-depositrao","status":"publish","type":"page","link":"https:\/\/eureciclo.pt\/en\/geracao-depositrao\/","title":{"rendered":"Gera\u00e7\u00e3o Depositr\u00e3o"},"content":{"rendered":"<div style=\"height:40px\" aria-hidden=\"true\" class=\"wp-block-spacer\"><\/div>\n\n\n\n<figure class=\"wp-block-image aligncenter size-full\"><img decoding=\"async\" loading=\"lazy\" width=\"642\" height=\"127\" src=\"https:\/\/eureciclo.pt\/wp-content\/uploads\/2025\/10\/GD18.png\" alt=\"\" class=\"wp-image-1564\"\/><\/figure>\n\n\n\n<div style=\"height:26px\" aria-hidden=\"true\" class=\"wp-block-spacer\"><\/div>\n\n\n\n<h3 class=\"wp-block-heading has-text-align-center has-large-font-size\"><strong>The \"Gera\u00e7\u00e3o Depositr\u00e3o\" is in its 18th edition<\/strong><br><strong>and will continue to challenge schools across the country to work on the theme of the Circular Economy,<\/strong><br><strong>through the collection and proper routing of WEEE (Waste Electrical and Electronic Equipment) and Batteries.<\/strong><\/h3>\n\n\n\n<div style=\"height:24px\" aria-hidden=\"true\" class=\"wp-block-spacer\"><\/div>\n\n\n\n<div class=\"small-blurry-red\"><img decoding=\"async\" src=\"\/wp-content\/uploads\/2023\/03\/smaller-blured-circle.png\"><\/div>\n\n\n\n<div class=\"wp-block-columns is-layout-flex wp-container-7 wp-block-columns-is-layout-flex\">\n<div class=\"wp-block-column destaque-gd has-border-color has-primary-border-color has-base-background-color has-background is-layout-flow wp-block-column-is-layout-flow\" style=\"border-width:4px\">\n<h2 class=\"wp-block-heading has-text-align-center has-primary-color has-text-color\"><a href=\"\/en\/#actividades-recolha\" style=\"font-size: 30px\">Collection Activities<\/a><\/h2>\n\n\n\n<div class=\"wp-block-buttons is-content-justification-center is-layout-flex wp-container-1 wp-block-buttons-is-layout-flex\">\n<div class=\"wp-block-button\"><a class=\"wp-block-button__link has-text-align-center wp-element-button\" href=\"\/wp-content\/uploads\/2026\/03\/2026-Protocolos-Geracao-Depositrao.zip\" style=\"border-radius:100px\">Protocols<\/a><\/div>\n\n\n\n<div class=\"wp-block-button\"><a class=\"wp-block-button__link has-text-align-center wp-element-button\" href=\"\/en\/formulario-ins-gera-depo\/\" style=\"border-radius:100px\">Join<\/a><\/div>\n<\/div>\n<\/div>\n\n\n\n<div class=\"wp-block-column destaque-gd has-border-color has-primary-border-color has-base-background-color has-background is-layout-flow wp-block-column-is-layout-flow\" style=\"border-width:4px\">\n<h2 class=\"wp-block-heading has-text-align-center has-primary-color has-text-color\"><a href=\"\/en\/#actividades-criativas\" style=\"font-size: 30px\">Creative Activities<\/a><\/h2>\n\n\n\n<div class=\"wp-block-buttons is-content-justification-center is-layout-flex wp-container-3 wp-block-buttons-is-layout-flex\">\n<div class=\"wp-block-button\"><a class=\"wp-block-button__link has-text-align-center wp-element-button\" href=\"https:\/\/ecoescolas.abaae.pt\/plataforma\/index.php\" style=\"border-radius:100px\" target=\"_blank\" rel=\"noreferrer noopener\">We're a Eco-Escola<\/a><\/div>\n<\/div>\n<\/div>\n\n\n\n<div class=\"wp-block-column destaque-gd has-border-color has-primary-border-color has-base-background-color has-background is-layout-flow wp-block-column-is-layout-flow\" style=\"border-width:4px\">\n<h2 class=\"wp-block-heading has-text-align-center has-primary-color has-text-color\" style=\"font-size: 30px\">Media kit<\/h2>\n\n\n\n<div class=\"wp-block-buttons is-content-justification-center is-layout-flex wp-container-5 wp-block-buttons-is-layout-flex\">\n<div class=\"wp-block-button\"><a class=\"wp-block-button__link has-text-align-center wp-element-button\" href=\"https:\/\/eureciclo.pt\/wp-content\/uploads\/2026\/01\/media-kit.zip\" style=\"border-radius:100px\" target=\"_blank\" rel=\"noreferrer noopener\">Download<\/a><\/div>\n<\/div>\n<\/div>\n<\/div>\n\n\n\n<div class=\"wp-block-columns campaign-block is-layout-flex wp-container-9 wp-block-columns-is-layout-flex\">\n<div class=\"wp-block-column imgLeft initImg is-layout-flow wp-block-column-is-layout-flow\"><\/div>\n<\/div>\n\n\n\n<h1 class=\"wp-block-heading has-text-align-center\">Activities<\/h1>\n\n\n\n<div class=\"wp-block-columns campaign-block is-layout-flex wp-container-13 wp-block-columns-is-layout-flex\" id=\"actividade-recolha\">\n<div class=\"wp-block-column is-vertically-aligned-top imgLeft is-layout-flow wp-block-column-is-layout-flow\">\n<figure class=\"wp-block-image size-large has-custom-border campaign-img\"><img decoding=\"async\" loading=\"lazy\" width=\"1024\" height=\"1024\" src=\"\/wp-content\/uploads\/2023\/08\/GettyImages-1175553767-edited-1024x1024.jpg\" alt=\"\" class=\"wp-image-924\" style=\"border-radius:100%\" srcset=\"https:\/\/eureciclo.pt\/wp-content\/uploads\/2023\/08\/GettyImages-1175553767-edited-1024x1024.jpg 1024w, https:\/\/eureciclo.pt\/wp-content\/uploads\/2023\/08\/GettyImages-1175553767-edited-300x300.jpg 300w, https:\/\/eureciclo.pt\/wp-content\/uploads\/2023\/08\/GettyImages-1175553767-edited-150x150.jpg 150w, https:\/\/eureciclo.pt\/wp-content\/uploads\/2023\/08\/GettyImages-1175553767-edited-768x768.jpg 768w, https:\/\/eureciclo.pt\/wp-content\/uploads\/2023\/08\/GettyImages-1175553767-edited-12x12.jpg 12w, https:\/\/eureciclo.pt\/wp-content\/uploads\/2023\/08\/GettyImages-1175553767-edited.jpg 1414w\" sizes=\"(max-width: 1024px) 100vw, 1024px\" \/><\/figure>\n\n\n\n<div class=\"faded-erp\"><img decoding=\"async\" src=\"\/wp-content\/uploads\/2023\/03\/faded-erp.png\"><\/div>\n<\/div>\n\n\n\n<div class=\"wp-block-column campaign-text is-layout-flow wp-block-column-is-layout-flow\">\n<h2 class=\"wp-block-heading\">Collection Activities<\/h2>\n\n\n\n<h4 class=\"wp-block-heading\">Collection and forwarding of WEEE and WB<\/h4>\n\n\n\n<h3 class=\"wp-block-heading\"><strong>Range<\/strong><\/h3>\n\n\n\n<p>These activities cover all schools. If you associate a twin entity to assist in the development of your collection activity, you must complete the twin entity adhesion form so that we know which entity it is.<\/p>\n\n\n\n<div class=\"wp-block-buttons is-layout-flex wp-block-buttons-is-layout-flex\">\n<div class=\"wp-block-button\"><a class=\"wp-block-button__link wp-element-button\" href=\"\/wp-content\/uploads\/2025\/10\/Regulamento-GD-2025-2026.pdf\" style=\"border-radius:100px\">Regulation<\/a><\/div>\n<\/div>\n\n\n\n<h3 class=\"wp-block-heading\"><strong>Financial Compensation<\/strong> <\/h3>\n\n\n\n<p>In these activities, all schools and twinned entities receive financial compensation for the waste they collect.<\/p>\n\n\n\n<p>Therefore, these are the rules established for their allocation:<\/p>\n\n\n\n<p class=\"translation-block\">-Collection of WEEE \u2013 <strong>\u20ac80<\/strong> per ton<\/p>\n\n\n\n<p>For collections below 1000 kg, the amount will be converted to a per-kg rate.<\/p>\n\n\n\n<p class=\"translation-block\">-Collection of Batteries: <strong>\u20ac750<\/strong> per ton<\/p>\n\n\n\n<h3 class=\"wp-block-heading\"><strong>Rewards<\/strong><\/h3>\n\n\n\n<h4 class=\"wp-block-heading\">WEEE Collection<\/h4>\n\n\n\n<p>With the support of our partners, we award the following prizes for the collection of WEEE:<\/p>\n\n\n\n<h4 class=\"wp-block-heading\">Absolute weight<\/h4>\n\n\n\n<p>The top 5 schools that collect the highest amount of WEEE receive:<\/p>\n\n\n\n<ul>\n<li>1 Pingo Doce gift card worth \u20ac500, to be donated to a social entity of their choice<\/li>\n\n\n\n<li>1 Orima brand household appliance<\/li>\n<\/ul>\n\n\n\n<h4 class=\"wp-block-heading\">Weight per Capita<\/h4>\n\n\n\n<p>The top 5 schools that collect the most WEEE, relative to the total number of students, receive:<\/p>\n\n\n\n<ul>\n<li>1 Pingo Doce gift card worth \u20ac500, to be donated to a social entity of their choice<\/li>\n\n\n\n<li>1 Orima brand household appliance<\/li>\n<\/ul>\n\n\n\n<h4 class=\"wp-block-heading\">Collection of Hazardous WEEE<\/h4>\n\n\n\n<p>For each hazardous waste category, schools can win the following prizes:<\/p>\n\n\n\n<p><strong>TVs and Monitors<\/strong><\/p>\n\n\n\n<p class=\"translation-block\">The top 3 schools that collect the most waste in this category win a <strong>prize from the LG brand<\/strong>.<\/p>\n\n\n\n<p><strong>Cooling Equipment (Refrigerators, Freezers, and Automatic Cold Product Dispensers)<\/strong><\/p>\n\n\n\n<p class=\"translation-block\">The top 3 schools that collect the most waste in this category win a <strong>prize from the Worten brand<\/strong>.<\/p>\n\n\n\n<h4 class=\"wp-block-heading\">Batteries Collection<\/h4>\n\n\n\n<p>In this new edition, we have a new partner, VARTA, who will support schools in the collection of batteries.<\/p>\n\n\n\n<p>The top 5 schools that collect the highest amount of batteries receive:<\/p>\n\n\n\n<p class=\"translation-block\">\u2013 1 Voucher offered by VARTA worth <strong>\u20ac1000<\/strong> to be used at a participating distributor<strong> <\/strong>+ 1 VARTA Kit<\/p>\n<\/div>\n<\/div>\n\n\n\n<!--<div class=\"large-erp-symbol\"><img decoding=\"async\" src=\"\/wp-content\/uploads\/2023\/03\/erp-symbol.png\"><\/div>-->\n\n\n\n<div class=\"wp-block-columns campaign-block is-layout-flex wp-container-17 wp-block-columns-is-layout-flex\" id=\"actividades-criativas\">\n<div class=\"wp-block-column campaign-text is-layout-flow wp-block-column-is-layout-flow\">\n<h2 class=\"wp-block-heading\">Creative Activities<\/h2>\n\n\n\n<h3 class=\"wp-block-heading\"><strong>Range<\/strong><\/h3>\n\n\n\n<p>These activities are exclusively for Eco-Escolas.<\/p>\n\n\n\n<div class=\"wp-block-buttons is-layout-flex wp-block-buttons-is-layout-flex\">\n<div class=\"wp-block-button\"><a class=\"wp-block-button__link has-text-align-center wp-element-button\" href=\"https:\/\/ecoescolas.abaae.pt\/sobre\/implementar-eco-escolas\/\" style=\"border-radius:100px\" target=\"_blank\" rel=\"noreferrer noopener\">How to become a Eco-Escola<\/a><\/div>\n<\/div>\n\n\n\n<div style=\"height:31px\" aria-hidden=\"true\" class=\"wp-block-spacer\"><\/div>\n\n\n\n<h3 class=\"wp-block-heading\"><strong><strong>Discover the creative activities<\/strong><\/strong><\/h3>\n\n\n\n<p>Activity 1: Build your own Battery Collector<br>Activity 2: Upcycling \u2013 Biodiversity with WEEE<br>Activity 3: In search of the lost WEEE<\/p>\n\n\n\n<h3 class=\"wp-block-heading\"><strong>Rewards<\/strong><\/h3>\n\n\n\n<p>The following prizes will be awarded:<\/p>\n\n\n\n<ul>\n<li>Per School: WORTEN gift card worth \u20ac250<\/li>\n\n\n\n<li>Per Student: Worten gift card worth 30\u20ac<\/li>\n\n\n\n<li>Per Teacher: WORTEN gift card worth \u20ac25<\/li>\n<\/ul>\n\n\n\n<h4 class=\"wp-block-heading\">Want to be a Gera\u00e7\u00e3o Depositr\u00e3o Teacher?<\/h4>\n\n\n\n<ul>\n<li>Take part in the collection activities and creative workshops<\/li>\n<\/ul>\n<\/div>\n\n\n\n<div class=\"wp-block-column imgRight is-layout-flow wp-block-column-is-layout-flow\">\n<figure class=\"wp-block-image size-large has-custom-border campaign-img\"><img decoding=\"async\" loading=\"lazy\" width=\"1415\" height=\"1414\" src=\"\/wp-content\/uploads\/2023\/08\/GettyImages-1425169548-edited.jpg\" alt=\"\" class=\"wp-image-932\" style=\"border-radius:100%\" srcset=\"https:\/\/eureciclo.pt\/wp-content\/uploads\/2023\/08\/GettyImages-1425169548-edited.jpg 1415w, https:\/\/eureciclo.pt\/wp-content\/uploads\/2023\/08\/GettyImages-1425169548-edited-300x300.jpg 300w, https:\/\/eureciclo.pt\/wp-content\/uploads\/2023\/08\/GettyImages-1425169548-edited-1024x1024.jpg 1024w, https:\/\/eureciclo.pt\/wp-content\/uploads\/2023\/08\/GettyImages-1425169548-edited-150x150.jpg 150w, https:\/\/eureciclo.pt\/wp-content\/uploads\/2023\/08\/GettyImages-1425169548-edited-768x767.jpg 768w, https:\/\/eureciclo.pt\/wp-content\/uploads\/2023\/08\/GettyImages-1425169548-edited-12x12.jpg 12w\" sizes=\"(max-width: 1415px) 100vw, 1415px\" \/><\/figure>\n\n\n\n<div class=\"right-entities\"><img decoding=\"async\" src=\"\/wp-content\/uploads\/2023\/03\/right-entities-graphics.png\"><\/div>\n\n\n\n<div class=\"left-entities\"><img decoding=\"async\" src=\"\/wp-content\/uploads\/2023\/03\/left-entities-graphics.png\"><\/div>\n<\/div>\n<\/div>\n\n\n\n<div class=\"wp-block-buttons is-content-justification-center is-layout-flex wp-container-18 wp-block-buttons-is-layout-flex\">\n<div class=\"wp-block-button has-custom-font-size is-style-fill has-large-font-size\"><a class=\"wp-block-button__link has-text-align-center wp-element-button\" href=\"https:\/\/geracaodepositrao.abae.pt\/\" style=\"border-radius:100px;padding-top:var(--wp--preset--spacing--30);padding-right:var(--wp--preset--spacing--30);padding-bottom:var(--wp--preset--spacing--30);padding-left:var(--wp--preset--spacing--30)\" target=\"_blank\" rel=\"noreferrer noopener\">Visit past editions<\/a><\/div>\n<\/div>\n\n\n\n<div style=\"height:60px\" aria-hidden=\"true\" class=\"wp-block-spacer\"><\/div>\n\n\n\n<div class=\"wp-block-columns is-layout-flex wp-container-27 wp-block-columns-is-layout-flex\">\n<div class=\"wp-block-column is-layout-flow wp-block-column-is-layout-flow\">\n<h1 class=\"wp-block-heading has-text-align-center\">Partners<\/h1>\n\n\n\n<div class=\"wp-block-columns is-layout-flex wp-container-25 wp-block-columns-is-layout-flex\" style=\"padding-top:0;padding-right:var(--wp--preset--spacing--30);padding-bottom:0;padding-left:var(--wp--preset--spacing--30)\">\n<div class=\"wp-block-column is-vertically-aligned-center is-layout-flow wp-block-column-is-layout-flow\" style=\"flex-basis:10%\">\n<figure class=\"wp-block-image size-full is-resized\"><img decoding=\"async\" loading=\"lazy\" src=\"https:\/\/eureciclo.pt\/wp-content\/uploads\/2025\/01\/DKT_Lockup_Primary_Blue_RGB.png\" alt=\"\" class=\"wp-image-1521\" style=\"object-fit:cover;width:114px;height:23px\" width=\"114\" height=\"23\"\/><\/figure>\n<\/div>\n\n\n\n<div class=\"wp-block-column is-layout-flow wp-block-column-is-layout-flow\">\n<figure class=\"wp-block-image size-full is-resized\"><img decoding=\"async\" loading=\"lazy\" src=\"https:\/\/eureciclo.pt\/wp-content\/uploads\/2025\/01\/LGE_Logo_HeritageRed_Grey_RGB.png\" alt=\"\" class=\"wp-image-1520\" style=\"width:123px;height:66px\" width=\"123\" height=\"66\"\/><\/figure>\n<\/div>\n\n\n\n<div class=\"wp-block-column is-vertically-aligned-center is-layout-flow wp-block-column-is-layout-flow\">\n<figure class=\"wp-block-image aligncenter size-full is-resized\"><img decoding=\"async\" loading=\"lazy\" src=\"https:\/\/eureciclo.pt\/wp-content\/uploads\/2024\/10\/LOGOTIPO-ORIMA.png\" alt=\"\" class=\"wp-image-1471\" style=\"object-fit:cover;width:126px;height:35px\" width=\"126\" height=\"35\"\/><\/figure>\n<\/div>\n\n\n\n<div class=\"wp-block-column is-vertically-aligned-center is-layout-flow wp-block-column-is-layout-flow\">\n<figure class=\"wp-block-image aligncenter size-full is-resized\"><img decoding=\"async\" loading=\"lazy\" src=\"https:\/\/eureciclo.pt\/wp-content\/uploads\/2024\/10\/Logo-Pingo-Doce.png\" alt=\"Pingo Doce\" class=\"wp-image-1473\" style=\"object-fit:cover;width:132px;height:50px\" width=\"132\" height=\"50\"\/><\/figure>\n<\/div>\n\n\n\n<div class=\"wp-block-column is-vertically-aligned-center is-layout-flow wp-block-column-is-layout-flow\">\n<figure class=\"wp-block-image aligncenter size-full is-resized\"><img decoding=\"async\" loading=\"lazy\" src=\"https:\/\/eureciclo.pt\/wp-content\/uploads\/2024\/10\/VARTA_Logo_Positive_RGB.png\" alt=\"Varta\" class=\"wp-image-1468\" style=\"object-fit:cover;width:124px;height:27px\" width=\"124\" height=\"27\"\/><\/figure>\n<\/div>\n\n\n\n<div class=\"wp-block-column is-vertically-aligned-center is-layout-flow wp-block-column-is-layout-flow\">\n<figure class=\"wp-block-image aligncenter size-full is-resized\"><img decoding=\"async\" loading=\"lazy\" src=\"https:\/\/eureciclo.pt\/wp-content\/uploads\/2024\/10\/AF_Logo-Worten.png\" alt=\"\" class=\"wp-image-1472\" style=\"object-fit:cover;width:132px;height:39px\" width=\"132\" height=\"39\"\/><\/figure>\n<\/div>\n<\/div>\n<\/div>\n<\/div>\n\n\n\n<div class=\"wp-block-columns campaign-block is-layout-flex wp-container-30 wp-block-columns-is-layout-flex\">\n<div class=\"wp-block-column campaign-text is-layout-flow wp-block-column-is-layout-flow\">\n<p><\/p>\n<\/div>\n\n\n\n<div class=\"wp-block-column imgRight is-layout-flow wp-block-column-is-layout-flow\">\n<div class=\"right-consumer\"><img decoding=\"async\" src=\"\/wp-content\/uploads\/2023\/03\/right-consumer-grey.png\"><\/div>\n\n\n\n<div class=\"left-consumer\"><img decoding=\"async\" src=\"\/wp-content\/uploads\/2023\/03\/left-consumer-red.png\"><\/div>\n\n\n\n<div class=\"transparent-circle\" style=\"z-index: -2;\"><img decoding=\"async\" src=\"\/wp-content\/uploads\/2023\/03\/transparent-circle.png\"><\/div>\n<\/div>\n<\/div>","protected":false},"excerpt":{"rendered":"<p>A Gera\u00e7\u00e3o Depositr\u00e3o est\u00e1 na sua 18\u00ba edi\u00e7\u00e3oe vai continuar a desafiar as Escolas do pa\u00eds a trabalhar o tema da Economia Circular,atrav\u00e9s da recolha e correto encaminhamento de REEE e Pilhas. Atividades de Recolha Atividades Criativas Kit Media Atividades Atividades de Recolha Recolha e encaminhamento de REEE e RB \u00c2mbito Estas atividades abrangem todas [&hellip;]<\/p>","protected":false},"author":1,"featured_media":0,"parent":0,"menu_order":0,"comment_status":"closed","ping_status":"closed","template":"","meta":{"footnotes":""},"_links":{"self":[{"href":"https:\/\/eureciclo.pt\/en\/wp-json\/wp\/v2\/pages\/735"}],"collection":[{"href":"https:\/\/eureciclo.pt\/en\/wp-json\/wp\/v2\/pages"}],"about":[{"href":"https:\/\/eureciclo.pt\/en\/wp-json\/wp\/v2\/types\/page"}],"author":[{"embeddable":true,"href":"https:\/\/eureciclo.pt\/en\/wp-json\/wp\/v2\/users\/1"}],"replies":[{"embeddable":true,"href":"https:\/\/eureciclo.pt\/en\/wp-json\/wp\/v2\/comments?post=735"}],"version-history":[{"count":108,"href":"https:\/\/eureciclo.pt\/en\/wp-json\/wp\/v2\/pages\/735\/revisions"}],"predecessor-version":[{"id":1617,"href":"https:\/\/eureciclo.pt\/en\/wp-json\/wp\/v2\/pages\/735\/revisions\/1617"}],"wp:attachment":[{"href":"https:\/\/eureciclo.pt\/en\/wp-json\/wp\/v2\/media?parent=735"}],"curies":[{"name":"wp","href":"https:\/\/api.w.org\/{rel}","templated":true}]}}