{"id":810,"date":"2023-08-02T10:22:52","date_gmt":"2023-08-02T10:22:52","guid":{"rendered":"https:\/\/test.instant.circul8.eu\/?page_id=810"},"modified":"2026-04-17T08:06:38","modified_gmt":"2026-04-17T08:06:38","slug":"junta-freguesia","status":"publish","type":"page","link":"https:\/\/eureciclo.pt\/en\/junta-freguesia\/","title":{"rendered":"Junta na Freguesia"},"content":{"rendered":"<div style=\"height:40px\" aria-hidden=\"true\" class=\"wp-block-spacer\"><\/div>\n\n\n\n<figure class=\"wp-block-image aligncenter size-large is-resized\"><img decoding=\"async\" src=\"\/wp-content\/uploads\/2023\/05\/logo_junta_cor_na_freguesia-e1685435492211-1024x652.png\" alt=\"\" class=\"wp-image-393\" style=\"width:512px\" width=\"512\" srcset=\"https:\/\/eureciclo.pt\/wp-content\/uploads\/2023\/05\/logo_junta_cor_na_freguesia-e1685435492211-1024x652.png 1024w, https:\/\/eureciclo.pt\/wp-content\/uploads\/2023\/05\/logo_junta_cor_na_freguesia-e1685435492211-18x12.png 18w, https:\/\/eureciclo.pt\/wp-content\/uploads\/2023\/05\/logo_junta_cor_na_freguesia-e1685435492211-300x191.png 300w, https:\/\/eureciclo.pt\/wp-content\/uploads\/2023\/05\/logo_junta_cor_na_freguesia-e1685435492211-768x489.png 768w, https:\/\/eureciclo.pt\/wp-content\/uploads\/2023\/05\/logo_junta_cor_na_freguesia-e1685435492211.png 1185w\" sizes=\"(max-width: 1024px) 100vw, 1024px\" \/><\/figure>\n\n\n\n<div style=\"height:26px\" aria-hidden=\"true\" class=\"wp-block-spacer\"><\/div>\n\n\n\n<h3 class=\"wp-block-heading has-text-align-center has-large-font-size\"><strong>A ERP Portugal lan\u00e7ou o programa \u201cJunta na Freguesia\u201d, no \u00e2mbito da pol\u00edtica de promo\u00e7\u00e3o da economia circular e da utiliza\u00e7\u00e3o eficiente de recursos com foco na gest\u00e3o dos fluxos espec\u00edficos de REEE e RB, com o intuito de mobilizar as popula\u00e7\u00f5es para a entrega e correto encaminhamento destes res\u00edduos.<\/strong><\/h3>\n\n\n\n<div style=\"height:24px\" aria-hidden=\"true\" class=\"wp-block-spacer\"><\/div>\n\n\n\n<div class=\"small-blurry-red\"><img decoding=\"async\" src=\"\/wp-content\/uploads\/2023\/03\/smaller-blured-circle.png\"><\/div>\n\n\n\n<div class=\"wp-block-columns is-layout-flex wp-container-7 wp-block-columns-is-layout-flex\">\n<div class=\"wp-block-column destaque-jj has-border-color has-primary-border-color has-base-background-color has-background is-layout-flow wp-block-column-is-layout-flow\" style=\"border-width:4px\">\n<h2 class=\"wp-block-heading has-text-align-center has-primary-color has-text-color\">Documents<\/h2>\n\n\n\n<div class=\"wp-block-buttons is-content-justification-center is-layout-flex wp-container-1 wp-block-buttons-is-layout-flex\">\n<div class=\"wp-block-button is-style-fill\"><a class=\"wp-block-button__link has-text-align-center wp-element-button\" href=\"\/wp-content\/uploads\/2026\/04\/Protocolo-Junta-na-Freguesia-2026.docx\" style=\"border-radius:100px\">Protocol<\/a><\/div>\n\n\n\n<div class=\"wp-block-button is-style-fill\"><a class=\"wp-block-button__link has-text-align-center wp-element-button\" href=\"\/wp-content\/uploads\/2026\/04\/Regulamento_Junta_na_Freguesia_2025-1.pdf\" style=\"border-radius:100px\">Regulation<\/a><\/div>\n<\/div>\n<\/div>\n\n\n\n<div class=\"wp-block-column destaque-jj has-border-color has-primary-border-color has-base-background-color has-background is-layout-flow wp-block-column-is-layout-flow\" style=\"border-width:4px\">\n<h2 class=\"wp-block-heading has-text-align-center has-primary-color has-text-color\">Join<\/h2>\n\n\n\n<div class=\"wp-block-buttons is-content-justification-center is-layout-flex wp-container-3 wp-block-buttons-is-layout-flex\">\n<div class=\"wp-block-button is-style-fill\"><a class=\"wp-block-button__link has-text-align-center wp-element-button\" href=\"\/en\/formulario-inscricao-juntas-freguesia\/\" style=\"border-radius:100px\">Subscription Form<\/a><\/div>\n<\/div>\n<\/div>\n\n\n\n<div class=\"wp-block-column destaque-jj has-border-color has-primary-border-color has-base-background-color has-background is-layout-flow wp-block-column-is-layout-flow\" style=\"border-width:4px\">\n<h2 class=\"wp-block-heading has-text-align-center has-primary-color has-text-color\">Collections<\/h2>\n\n\n\n<div class=\"wp-block-buttons is-content-justification-center is-layout-flex wp-container-5 wp-block-buttons-is-layout-flex\">\n<div class=\"wp-block-button is-style-fill\"><a class=\"wp-block-button__link has-text-align-center wp-element-button\" href=\"\/en\/recolhas-junta-na-freguesia\/\" style=\"border-radius:100px\">Ask for a collection<\/a><\/div>\n<\/div>\n<\/div>\n<\/div>\n\n\n\n<div class=\"wp-block-columns campaign-block is-layout-flex wp-container-9 wp-block-columns-is-layout-flex\">\n<div class=\"wp-block-column imgLeft initImg is-layout-flow wp-block-column-is-layout-flow\"><\/div>\n<\/div>\n\n\n\n<h1 class=\"wp-block-heading has-text-align-center\">Resources<\/h1>\n\n\n\n<div class=\"wp-block-columns campaign-block is-layout-flex wp-container-13 wp-block-columns-is-layout-flex\">\n<div class=\"wp-block-column imgLeft is-layout-flow wp-block-column-is-layout-flow\">\n<figure class=\"wp-block-image aligncenter size-full has-custom-border campaign-img\"><img decoding=\"async\" loading=\"lazy\" width=\"1000\" height=\"1000\" src=\"https:\/\/eureciclo.pt\/wp-content\/uploads\/2024\/11\/monstros.png\" alt=\"\" class=\"wp-image-1486\" style=\"border-radius:100%;aspect-ratio:1;object-fit:cover\"\/><\/figure>\n<\/div>\n\n\n\n<div class=\"wp-block-column is-vertically-aligned-center campaign-text is-layout-flow wp-block-column-is-layout-flow\">\n<h2 class=\"wp-block-heading has-text-align-center\">Livra-te dos Monstros<br>(Kit Media)<\/h2>\n\n\n\n<div class=\"wp-block-buttons is-content-justification-center is-layout-flex wp-container-11 wp-block-buttons-is-layout-flex\">\n<div class=\"wp-block-button\"><a class=\"wp-block-button__link wp-element-button\" href=\"\/wp-content\/uploads\/2024\/11\/wetransfer_kit-da-campanha_2024-11-26_0908.zip\">Download kit<\/a><\/div>\n<\/div>\n<\/div>\n<\/div>\n\n\n\n<div style=\"height:100px\" aria-hidden=\"true\" class=\"wp-block-spacer\"><\/div>\n\n\n\n<div class=\"wp-block-columns campaign-block is-layout-flex wp-container-17 wp-block-columns-is-layout-flex\">\n<div class=\"wp-block-column imgLeft is-layout-flow wp-block-column-is-layout-flow\">\n<figure class=\"wp-block-image aligncenter size-large has-custom-border campaign-img\"><img decoding=\"async\" loading=\"lazy\" width=\"1024\" height=\"1024\" src=\"\/wp-content\/uploads\/2023\/08\/resources_junta-1024x1024.jpg\" alt=\"\" class=\"wp-image-828\" style=\"border-radius:100%;aspect-ratio:1;object-fit:cover\" srcset=\"https:\/\/eureciclo.pt\/wp-content\/uploads\/2023\/08\/resources_junta-1024x1024.jpg 1024w, https:\/\/eureciclo.pt\/wp-content\/uploads\/2023\/08\/resources_junta-12x12.jpg 12w, https:\/\/eureciclo.pt\/wp-content\/uploads\/2023\/08\/resources_junta-150x150.jpg 150w, https:\/\/eureciclo.pt\/wp-content\/uploads\/2023\/08\/resources_junta-300x300.jpg 300w, https:\/\/eureciclo.pt\/wp-content\/uploads\/2023\/08\/resources_junta-768x768.jpg 768w, https:\/\/eureciclo.pt\/wp-content\/uploads\/2023\/08\/resources_junta.jpg 1029w\" sizes=\"(max-width: 1024px) 100vw, 1024px\" \/><\/figure>\n\n\n\n<div class=\"faded-erp\"><img decoding=\"async\" src=\"\/wp-content\/uploads\/2023\/03\/faded-erp.png\"><\/div>\n<\/div>\n\n\n\n<div class=\"wp-block-column is-vertically-aligned-center campaign-text is-layout-flow wp-block-column-is-layout-flow\">\n<h2 class=\"wp-block-heading has-text-align-center\">Junta na Freguesia<br>(Kit Media)<\/h2>\n\n\n\n<div class=\"wp-block-buttons is-content-justification-center is-layout-flex wp-container-15 wp-block-buttons-is-layout-flex\">\n<div class=\"wp-block-button\"><a class=\"wp-block-button__link wp-element-button\" href=\"\/wp-content\/uploads\/2023\/08\/kit_de_comunicacao.zip\">Download kit<\/a><\/div>\n<\/div>\n<\/div>\n<\/div>\n\n\n\n<div style=\"height:60px\" aria-hidden=\"true\" class=\"wp-block-spacer\"><\/div>\n\n\n\n<div class=\"wp-block-columns is-layout-flex wp-container-19 wp-block-columns-is-layout-flex\">\n<div class=\"wp-block-column is-layout-flow wp-block-column-is-layout-flow\">\n<h1 class=\"wp-block-heading has-text-align-center\">Partners<\/h1>\n\n\n\n<p class=\"has-text-align-center\">Decathlon, LG, ORIMA, Pingo Doce, P&amp;G e Worten<\/p>\n<\/div>\n<\/div>\n\n\n\n<div class=\"wp-block-columns campaign-block is-layout-flex wp-container-22 wp-block-columns-is-layout-flex\">\n<div class=\"wp-block-column campaign-text is-layout-flow wp-block-column-is-layout-flow\">\n<p><\/p>\n<\/div>\n\n\n\n<div class=\"wp-block-column imgRight is-layout-flow wp-block-column-is-layout-flow\">\n<div class=\"right-consumer\"><img decoding=\"async\" src=\"\/wp-content\/uploads\/2023\/03\/right-consumer-grey.png\"><\/div>\n\n\n\n<div class=\"left-consumer\"><img decoding=\"async\" src=\"\/wp-content\/uploads\/2023\/03\/left-consumer-red.png\"><\/div>\n\n\n\n<div class=\"transparent-circle\" style=\"z-index: -2;\"><img decoding=\"async\" src=\"\/wp-content\/uploads\/2023\/03\/transparent-circle.png\"><\/div>\n<\/div>\n<\/div>","protected":false},"excerpt":{"rendered":"<p>A ERP Portugal lan\u00e7ou o programa \u201cJunta na Freguesia\u201d, no \u00e2mbito da pol\u00edtica de promo\u00e7\u00e3o da economia circular e da utiliza\u00e7\u00e3o eficiente de recursos com foco na gest\u00e3o dos fluxos espec\u00edficos de REEE e RB, com o intuito de mobilizar as popula\u00e7\u00f5es para a entrega e correto encaminhamento destes res\u00edduos. Documentos Aderir Recolhas Recursos Livra-te [&hellip;]<\/p>","protected":false},"author":1,"featured_media":0,"parent":0,"menu_order":0,"comment_status":"closed","ping_status":"closed","template":"","meta":{"footnotes":""},"_links":{"self":[{"href":"https:\/\/eureciclo.pt\/en\/wp-json\/wp\/v2\/pages\/810"}],"collection":[{"href":"https:\/\/eureciclo.pt\/en\/wp-json\/wp\/v2\/pages"}],"about":[{"href":"https:\/\/eureciclo.pt\/en\/wp-json\/wp\/v2\/types\/page"}],"author":[{"embeddable":true,"href":"https:\/\/eureciclo.pt\/en\/wp-json\/wp\/v2\/users\/1"}],"replies":[{"embeddable":true,"href":"https:\/\/eureciclo.pt\/en\/wp-json\/wp\/v2\/comments?post=810"}],"version-history":[{"count":40,"href":"https:\/\/eureciclo.pt\/en\/wp-json\/wp\/v2\/pages\/810\/revisions"}],"predecessor-version":[{"id":1632,"href":"https:\/\/eureciclo.pt\/en\/wp-json\/wp\/v2\/pages\/810\/revisions\/1632"}],"wp:attachment":[{"href":"https:\/\/eureciclo.pt\/en\/wp-json\/wp\/v2\/media?parent=810"}],"curies":[{"name":"wp","href":"https:\/\/api.w.org\/{rel}","templated":true}]}}